{"id":724,"date":"2015-11-13T13:40:14","date_gmt":"2015-11-13T12:40:14","guid":{"rendered":"http:\/\/le-clos-des-lavandes.com\/it\/vicino\/le-village-de-lacoste\/"},"modified":"2024-03-06T12:54:24","modified_gmt":"2024-03-06T11:54:24","slug":"villaggio-di-lacoste-luberon-provenza","status":"publish","type":"page","link":"https:\/\/le-clos-des-lavandes.com\/it\/lacoste-bonnieux-ristoranti\/villaggio-di-lacoste-luberon-provenza\/","title":{"rendered":"Il villaggio di Lacoste"},"content":{"rendered":"<div class=\"wpb-content-wrapper\">[vc_row][vc_column width=&#8221;2\/3&#8243;][vc_column_text]\n<h4>Il villaggio di Lacoste Luberon Provenza \u00e9 un paese arroccato del Luberon<\/h4>\n<p>Lacoste \u00e8 un tipico villaggio provenzale, situato su una collina verde. Questa posizione gli offre, dal castello, una bella vista della pianura di Bonnieux, il Mont Ventoux e delle Alpi.<\/p>\n<p>Il villaggio di Lacoste Luberon Provenza \u00e8 un luogo ricco di storia e suo patrimonio ispira molti artisti locali, ma anche quegli di passaggio. Passerete davanti belle facciate Rinascimenta, ammirare suo campanile dal 1793, un forgiato campanile di ferro, la chiesa del XII secolo &#8230;<\/p>\n<p>Il castello di Lacoste , che apparteneva al Marchese di Sade, \u00e8 ora propriet\u00e0 di Pierre Cardin. Un festival di musica e teatro \u00e8 organizzato nelle antiche cave del Castello sotto gli auspici di Eve Rudg\u00e9ri. Scopri nostre <a href=\"https:\/\/le-clos-des-lavandes.com\/it\/idee-de-sejour\/\"><strong>idee di soggiorno qui.<\/strong><\/a><\/p>\n<p>Il film <b>Un&#8217;ottima annata<\/b> di Ridley Scott con Russell Crowe e Marion Cotillard \u00e8 stato girato nei quelli paesaggi<\/p>\n<p>Potrete godere a piedi, dove si trovano drogheria e diversi<a href=\"http:\/\/le-clos-des-lavandes.com\/it\/vicino\/ristoranti-e-gastronomia\/\"> ristoranti e bistrot<\/a>.<\/p>\n<hr \/>\n[\/vc_column_text][vc_gallery images=&#8221;511,508,507,503,513&#8243; columns=&#8221;5&#8243;][\/vc_column][vc_column width=&#8221;1\/3&#8243;][vc_images_carousel images=&#8221;504,506&#8243; onclick=&#8221;link_no&#8221; hide_pagination_control=&#8221;yes&#8221; hide_prev_next_buttons=&#8221;yes&#8221;][\/vc_column][\/vc_row]\n<\/div>","protected":false},"excerpt":{"rendered":"<p>[vc_row][vc_column width=&#8221;2\/3&#8243;][vc_column_text] Il villaggio di Lacoste Luberon Provenza \u00e9 un paese arroccato del Luberon Lacoste \u00e8 un tipico villaggio provenzale, [&hellip;]<\/p>\n","protected":false},"author":1,"featured_media":0,"parent":717,"menu_order":1,"comment_status":"closed","ping_status":"closed","template":"","meta":{"footnotes":""},"class_list":["post-724","page","type-page","status-publish","hentry"],"yoast_head":"<!-- This site is optimized with the Yoast SEO plugin v27.1.1 - https:\/\/yoast.com\/product\/yoast-seo-wordpress\/ -->\n<title>Villaggio di Lacoste Luberon Provenza | Clos des Lavandes<\/title>\n<meta name=\"description\" content=\"Il villaggio di Lacoste Luberon Provenza \u00e9 tipico, situato su una collina verde. Offre una splendida vista dal castello del Marchese di Sade.\" \/>\n<meta name=\"robots\" content=\"index, follow, max-snippet:-1, max-image-preview:large, max-video-preview:-1\" \/>\n<link rel=\"canonical\" href=\"https:\/\/le-clos-des-lavandes.com\/it\/lacoste-bonnieux-ristoranti\/villaggio-di-lacoste-luberon-provenza\/\" \/>\n<meta property=\"og:locale\" content=\"it_IT\" \/>\n<meta property=\"og:type\" content=\"article\" \/>\n<meta property=\"og:title\" content=\"Villaggio di Lacoste Luberon Provenza | Clos des Lavandes\" \/>\n<meta property=\"og:description\" content=\"Il villaggio di Lacoste Luberon Provenza \u00e9 tipico, situato su una collina verde. Offre una splendida vista dal castello del Marchese di Sade.\" \/>\n<meta property=\"og:url\" content=\"https:\/\/le-clos-des-lavandes.com\/it\/lacoste-bonnieux-ristoranti\/villaggio-di-lacoste-luberon-provenza\/\" \/>\n<meta property=\"og:site_name\" content=\"Le clos des lavandes - chambres d&#039;h\u00f4tes de charme\" \/>\n<meta property=\"article:publisher\" content=\"https:\/\/www.facebook.com\/leclosdeslavandes84\/\" \/>\n<meta property=\"article:modified_time\" content=\"2024-03-06T11:54:24+00:00\" \/>\n<meta name=\"twitter:card\" content=\"summary_large_image\" \/>\n<meta name=\"twitter:label1\" content=\"Tempo di lettura stimato\" \/>\n\t<meta name=\"twitter:data1\" content=\"1 minuto\" \/>\n<script type=\"application\/ld+json\" class=\"yoast-schema-graph\">{\"@context\":\"https:\/\/schema.org\",\"@graph\":[{\"@type\":\"WebPage\",\"@id\":\"https:\/\/le-clos-des-lavandes.com\/it\/lacoste-bonnieux-ristoranti\/villaggio-di-lacoste-luberon-provenza\/\",\"url\":\"https:\/\/le-clos-des-lavandes.com\/it\/lacoste-bonnieux-ristoranti\/villaggio-di-lacoste-luberon-provenza\/\",\"name\":\"Villaggio di Lacoste Luberon Provenza | Clos des Lavandes\",\"isPartOf\":{\"@id\":\"https:\/\/le-clos-des-lavandes.com\/#website\"},\"datePublished\":\"2015-11-13T12:40:14+00:00\",\"dateModified\":\"2024-03-06T11:54:24+00:00\",\"description\":\"Il villaggio di Lacoste Luberon Provenza \u00e9 tipico, situato su una collina verde. Offre una splendida vista dal castello del Marchese di Sade.\",\"breadcrumb\":{\"@id\":\"https:\/\/le-clos-des-lavandes.com\/it\/lacoste-bonnieux-ristoranti\/villaggio-di-lacoste-luberon-provenza\/#breadcrumb\"},\"inLanguage\":\"it-IT\",\"potentialAction\":[{\"@type\":\"ReadAction\",\"target\":[\"https:\/\/le-clos-des-lavandes.com\/it\/lacoste-bonnieux-ristoranti\/villaggio-di-lacoste-luberon-provenza\/\"]}]},{\"@type\":\"BreadcrumbList\",\"@id\":\"https:\/\/le-clos-des-lavandes.com\/it\/lacoste-bonnieux-ristoranti\/villaggio-di-lacoste-luberon-provenza\/#breadcrumb\",\"itemListElement\":[{\"@type\":\"ListItem\",\"position\":1,\"name\":\"Accueil\",\"item\":\"https:\/\/le-clos-des-lavandes.com\/it\/\"},{\"@type\":\"ListItem\",\"position\":2,\"name\":\"Vicino\",\"item\":\"https:\/\/le-clos-des-lavandes.com\/it\/lacoste-bonnieux-ristoranti\/\"},{\"@type\":\"ListItem\",\"position\":3,\"name\":\"Il villaggio di Lacoste\"}]},{\"@type\":\"WebSite\",\"@id\":\"https:\/\/le-clos-des-lavandes.com\/#website\",\"url\":\"https:\/\/le-clos-des-lavandes.com\/\",\"name\":\"Le clos des lavandes - chambres d&#039;h\u00f4tes de charme\",\"description\":\"[icon icon=map-marker] Chambres d&#039;h\u00f4tes, Lacoste, Provence\",\"publisher\":{\"@id\":\"https:\/\/le-clos-des-lavandes.com\/#organization\"},\"potentialAction\":[{\"@type\":\"SearchAction\",\"target\":{\"@type\":\"EntryPoint\",\"urlTemplate\":\"https:\/\/le-clos-des-lavandes.com\/?s={search_term_string}\"},\"query-input\":{\"@type\":\"PropertyValueSpecification\",\"valueRequired\":true,\"valueName\":\"search_term_string\"}}],\"inLanguage\":\"it-IT\"},{\"@type\":\"Organization\",\"@id\":\"https:\/\/le-clos-des-lavandes.com\/#organization\",\"name\":\"Le Clos des Lavandes\",\"url\":\"https:\/\/le-clos-des-lavandes.com\/\",\"logo\":{\"@type\":\"ImageObject\",\"inLanguage\":\"it-IT\",\"@id\":\"https:\/\/le-clos-des-lavandes.com\/#\/schema\/logo\/image\/\",\"url\":\"https:\/\/le-clos-des-lavandes.com\/wp-content\/uploads\/2016\/04\/Logo-CdL-2.png\",\"contentUrl\":\"https:\/\/le-clos-des-lavandes.com\/wp-content\/uploads\/2016\/04\/Logo-CdL-2.png\",\"width\":350,\"height\":60,\"caption\":\"Le Clos des Lavandes\"},\"image\":{\"@id\":\"https:\/\/le-clos-des-lavandes.com\/#\/schema\/logo\/image\/\"},\"sameAs\":[\"https:\/\/www.facebook.com\/leclosdeslavandes84\/\",\"https:\/\/www.instagram.com\/leclosdeslavandes15\/\",\"https:\/\/www.youtube.com\/user\/marie84820\"]}]}<\/script>\n<!-- \/ Yoast SEO plugin. -->","yoast_head_json":{"title":"Villaggio di Lacoste Luberon Provenza | Clos des Lavandes","description":"Il villaggio di Lacoste Luberon Provenza \u00e9 tipico, situato su una collina verde. Offre una splendida vista dal castello del Marchese di Sade.","robots":{"index":"index","follow":"follow","max-snippet":"max-snippet:-1","max-image-preview":"max-image-preview:large","max-video-preview":"max-video-preview:-1"},"canonical":"https:\/\/le-clos-des-lavandes.com\/it\/lacoste-bonnieux-ristoranti\/villaggio-di-lacoste-luberon-provenza\/","og_locale":"it_IT","og_type":"article","og_title":"Villaggio di Lacoste Luberon Provenza | Clos des Lavandes","og_description":"Il villaggio di Lacoste Luberon Provenza \u00e9 tipico, situato su una collina verde. Offre una splendida vista dal castello del Marchese di Sade.","og_url":"https:\/\/le-clos-des-lavandes.com\/it\/lacoste-bonnieux-ristoranti\/villaggio-di-lacoste-luberon-provenza\/","og_site_name":"Le clos des lavandes - chambres d&#039;h\u00f4tes de charme","article_publisher":"https:\/\/www.facebook.com\/leclosdeslavandes84\/","article_modified_time":"2024-03-06T11:54:24+00:00","twitter_card":"summary_large_image","twitter_misc":{"Tempo di lettura stimato":"1 minuto"},"schema":{"@context":"https:\/\/schema.org","@graph":[{"@type":"WebPage","@id":"https:\/\/le-clos-des-lavandes.com\/it\/lacoste-bonnieux-ristoranti\/villaggio-di-lacoste-luberon-provenza\/","url":"https:\/\/le-clos-des-lavandes.com\/it\/lacoste-bonnieux-ristoranti\/villaggio-di-lacoste-luberon-provenza\/","name":"Villaggio di Lacoste Luberon Provenza | Clos des Lavandes","isPartOf":{"@id":"https:\/\/le-clos-des-lavandes.com\/#website"},"datePublished":"2015-11-13T12:40:14+00:00","dateModified":"2024-03-06T11:54:24+00:00","description":"Il villaggio di Lacoste Luberon Provenza \u00e9 tipico, situato su una collina verde. Offre una splendida vista dal castello del Marchese di Sade.","breadcrumb":{"@id":"https:\/\/le-clos-des-lavandes.com\/it\/lacoste-bonnieux-ristoranti\/villaggio-di-lacoste-luberon-provenza\/#breadcrumb"},"inLanguage":"it-IT","potentialAction":[{"@type":"ReadAction","target":["https:\/\/le-clos-des-lavandes.com\/it\/lacoste-bonnieux-ristoranti\/villaggio-di-lacoste-luberon-provenza\/"]}]},{"@type":"BreadcrumbList","@id":"https:\/\/le-clos-des-lavandes.com\/it\/lacoste-bonnieux-ristoranti\/villaggio-di-lacoste-luberon-provenza\/#breadcrumb","itemListElement":[{"@type":"ListItem","position":1,"name":"Accueil","item":"https:\/\/le-clos-des-lavandes.com\/it\/"},{"@type":"ListItem","position":2,"name":"Vicino","item":"https:\/\/le-clos-des-lavandes.com\/it\/lacoste-bonnieux-ristoranti\/"},{"@type":"ListItem","position":3,"name":"Il villaggio di Lacoste"}]},{"@type":"WebSite","@id":"https:\/\/le-clos-des-lavandes.com\/#website","url":"https:\/\/le-clos-des-lavandes.com\/","name":"Le clos des lavandes - chambres d&#039;h\u00f4tes de charme","description":"[icon icon=map-marker] Chambres d&#039;h\u00f4tes, Lacoste, Provence","publisher":{"@id":"https:\/\/le-clos-des-lavandes.com\/#organization"},"potentialAction":[{"@type":"SearchAction","target":{"@type":"EntryPoint","urlTemplate":"https:\/\/le-clos-des-lavandes.com\/?s={search_term_string}"},"query-input":{"@type":"PropertyValueSpecification","valueRequired":true,"valueName":"search_term_string"}}],"inLanguage":"it-IT"},{"@type":"Organization","@id":"https:\/\/le-clos-des-lavandes.com\/#organization","name":"Le Clos des Lavandes","url":"https:\/\/le-clos-des-lavandes.com\/","logo":{"@type":"ImageObject","inLanguage":"it-IT","@id":"https:\/\/le-clos-des-lavandes.com\/#\/schema\/logo\/image\/","url":"https:\/\/le-clos-des-lavandes.com\/wp-content\/uploads\/2016\/04\/Logo-CdL-2.png","contentUrl":"https:\/\/le-clos-des-lavandes.com\/wp-content\/uploads\/2016\/04\/Logo-CdL-2.png","width":350,"height":60,"caption":"Le Clos des Lavandes"},"image":{"@id":"https:\/\/le-clos-des-lavandes.com\/#\/schema\/logo\/image\/"},"sameAs":["https:\/\/www.facebook.com\/leclosdeslavandes84\/","https:\/\/www.instagram.com\/leclosdeslavandes15\/","https:\/\/www.youtube.com\/user\/marie84820"]}]}},"_links":{"self":[{"href":"https:\/\/le-clos-des-lavandes.com\/it\/wp-json\/wp\/v2\/pages\/724","targetHints":{"allow":["GET"]}}],"collection":[{"href":"https:\/\/le-clos-des-lavandes.com\/it\/wp-json\/wp\/v2\/pages"}],"about":[{"href":"https:\/\/le-clos-des-lavandes.com\/it\/wp-json\/wp\/v2\/types\/page"}],"author":[{"embeddable":true,"href":"https:\/\/le-clos-des-lavandes.com\/it\/wp-json\/wp\/v2\/users\/1"}],"replies":[{"embeddable":true,"href":"https:\/\/le-clos-des-lavandes.com\/it\/wp-json\/wp\/v2\/comments?post=724"}],"version-history":[{"count":0,"href":"https:\/\/le-clos-des-lavandes.com\/it\/wp-json\/wp\/v2\/pages\/724\/revisions"}],"up":[{"embeddable":true,"href":"https:\/\/le-clos-des-lavandes.com\/it\/wp-json\/wp\/v2\/pages\/717"}],"wp:attachment":[{"href":"https:\/\/le-clos-des-lavandes.com\/it\/wp-json\/wp\/v2\/media?parent=724"}],"curies":[{"name":"wp","href":"https:\/\/api.w.org\/{rel}","templated":true}]}}