{"id":696,"date":"2015-11-13T13:21:22","date_gmt":"2015-11-13T12:21:22","guid":{"rendered":"http:\/\/le-clos-des-lavandes.com\/it\/provence\/decouvrir\/"},"modified":"2024-03-06T15:04:31","modified_gmt":"2024-03-06T14:04:31","slug":"scoprire-la-provenza-avignon-arles","status":"publish","type":"page","link":"https:\/\/le-clos-des-lavandes.com\/it\/provenza-alpi-costa-azzurra\/scoprire-la-provenza-avignon-arles\/","title":{"rendered":"Scopri la Provenza Avignon Arles"},"content":{"rendered":"<div class=\"wpb-content-wrapper\">[vc_row][vc_column width=&#8221;1\/2&#8243;][vc_column_text]\n<p><strong>Apt<\/strong>: Cath\u00e9drale Sainte Anne, centro citt\u00e0<\/p>\n<p><strong>Cavaillon<\/strong>: Arc romano, chapelle e ermitage Saint- Jacques, Cath\u00e9drale Saint V\u00e9ran, Synagogue, H\u00f4tel d&#8217;Agar<\/p>\n<p><strong>Saint R\u00e9my de Provence, Les Baux de Provence, Arles, Les Saintes Maries de la Mer<\/strong><\/p>\n<p><strong>Le Mont Ventoux, le Pont du Gard, <\/strong><strong>Vaison la Romaine<\/strong><\/p>\n<p><strong>Orange <\/strong>e<b> <\/b>il suo favoloso teatro antico<\/p>\n<p><strong>L&#8217;Isle sur La Sorgue<\/strong>: le ruote a pale, lavaggio, fiume, gli antiquariati\u2026<\/p>\n<p>Scopri nostre <a href=\"https:\/\/le-clos-des-lavandes.com\/it\/idee-de-sejour\/\"><strong>idee di soggiorno qui.<\/strong><\/a><\/p>\n[\/vc_column_text][vc_gallery images=&#8221;426,427,455,429,435,431,462,443,461,460&#8243; columns=&#8221;5&#8243;][\/vc_column][vc_column width=&#8221;1\/2&#8243;][vc_images_carousel images=&#8221;419,420&#8243; onclick=&#8221;link_no&#8221; hide_pagination_control=&#8221;yes&#8221; hide_prev_next_buttons=&#8221;yes&#8221;][vc_column_text]<strong>Avignon<\/strong>: Le Palais des Papes, le pont Saint B\u00e9nezet, la citt\u00e0 circondato, il centro storico<\/p>\n<p><strong>Marseille<\/strong>: Eletta capitale europea della cultura nel 2013<\/p>\n<p><strong>Cassis<\/strong>: il villaggio, le insenature, il mare[\/vc_column_text][\/vc_column][\/vc_row]\n<\/div>","protected":false},"excerpt":{"rendered":"<p>[vc_row][vc_column width=&#8221;1\/2&#8243;][vc_column_text] Apt: Cath\u00e9drale Sainte Anne, centro citt\u00e0 Cavaillon: Arc romano, chapelle e ermitage Saint- Jacques, Cath\u00e9drale Saint V\u00e9ran, Synagogue, [&hellip;]<\/p>\n","protected":false},"author":1,"featured_media":0,"parent":683,"menu_order":2,"comment_status":"closed","ping_status":"closed","template":"","meta":{"footnotes":""},"class_list":["post-696","page","type-page","status-publish","hentry"],"yoast_head":"<!-- This site is optimized with the Yoast SEO plugin v27.1.1 - https:\/\/yoast.com\/product\/yoast-seo-wordpress\/ -->\n<title>Scopri la Provenza, Avignon, Arles | Clos des Lavandes<\/title>\n<meta name=\"description\" content=\"Scopri la Provenza, Avignon, Arles, il Mont ventoux, la Camargua, Marsiglia, i campi di lavanda. Viene da vivere un&#039;esperienza straordinaria!\" \/>\n<meta name=\"robots\" content=\"index, follow, max-snippet:-1, max-image-preview:large, max-video-preview:-1\" \/>\n<link rel=\"canonical\" href=\"https:\/\/le-clos-des-lavandes.com\/it\/provenza-alpi-costa-azzurra\/scoprire-la-provenza-avignon-arles\/\" \/>\n<meta property=\"og:locale\" content=\"it_IT\" \/>\n<meta property=\"og:type\" content=\"article\" \/>\n<meta property=\"og:title\" content=\"Scopri la Provenza, Avignon, Arles | Clos des Lavandes\" \/>\n<meta property=\"og:description\" content=\"Scopri la Provenza, Avignon, Arles, il Mont ventoux, la Camargua, Marsiglia, i campi di lavanda. Viene da vivere un&#039;esperienza straordinaria!\" \/>\n<meta property=\"og:url\" content=\"https:\/\/le-clos-des-lavandes.com\/it\/provenza-alpi-costa-azzurra\/scoprire-la-provenza-avignon-arles\/\" \/>\n<meta property=\"og:site_name\" content=\"Le clos des lavandes - chambres d&#039;h\u00f4tes de charme\" \/>\n<meta property=\"article:publisher\" content=\"https:\/\/www.facebook.com\/leclosdeslavandes84\/\" \/>\n<meta property=\"article:modified_time\" content=\"2024-03-06T14:04:31+00:00\" \/>\n<meta name=\"twitter:card\" content=\"summary_large_image\" \/>\n<meta name=\"twitter:label1\" content=\"Tempo di lettura stimato\" \/>\n\t<meta name=\"twitter:data1\" content=\"1 minuto\" \/>\n<script type=\"application\/ld+json\" class=\"yoast-schema-graph\">{\"@context\":\"https:\/\/schema.org\",\"@graph\":[{\"@type\":\"WebPage\",\"@id\":\"https:\/\/le-clos-des-lavandes.com\/it\/provenza-alpi-costa-azzurra\/scoprire-la-provenza-avignon-arles\/\",\"url\":\"https:\/\/le-clos-des-lavandes.com\/it\/provenza-alpi-costa-azzurra\/scoprire-la-provenza-avignon-arles\/\",\"name\":\"Scopri la Provenza, Avignon, Arles | Clos des Lavandes\",\"isPartOf\":{\"@id\":\"https:\/\/le-clos-des-lavandes.com\/#website\"},\"datePublished\":\"2015-11-13T12:21:22+00:00\",\"dateModified\":\"2024-03-06T14:04:31+00:00\",\"description\":\"Scopri la Provenza, Avignon, Arles, il Mont ventoux, la Camargua, Marsiglia, i campi di lavanda. Viene da vivere un'esperienza straordinaria!\",\"breadcrumb\":{\"@id\":\"https:\/\/le-clos-des-lavandes.com\/it\/provenza-alpi-costa-azzurra\/scoprire-la-provenza-avignon-arles\/#breadcrumb\"},\"inLanguage\":\"it-IT\",\"potentialAction\":[{\"@type\":\"ReadAction\",\"target\":[\"https:\/\/le-clos-des-lavandes.com\/it\/provenza-alpi-costa-azzurra\/scoprire-la-provenza-avignon-arles\/\"]}]},{\"@type\":\"BreadcrumbList\",\"@id\":\"https:\/\/le-clos-des-lavandes.com\/it\/provenza-alpi-costa-azzurra\/scoprire-la-provenza-avignon-arles\/#breadcrumb\",\"itemListElement\":[{\"@type\":\"ListItem\",\"position\":1,\"name\":\"Accueil\",\"item\":\"https:\/\/le-clos-des-lavandes.com\/it\/\"},{\"@type\":\"ListItem\",\"position\":2,\"name\":\"Nostra regione\",\"item\":\"https:\/\/le-clos-des-lavandes.com\/it\/provenza-alpi-costa-azzurra\/\"},{\"@type\":\"ListItem\",\"position\":3,\"name\":\"Scopri la Provenza Avignon Arles\"}]},{\"@type\":\"WebSite\",\"@id\":\"https:\/\/le-clos-des-lavandes.com\/#website\",\"url\":\"https:\/\/le-clos-des-lavandes.com\/\",\"name\":\"Le clos des lavandes - chambres d&#039;h\u00f4tes de charme\",\"description\":\"[icon icon=map-marker] Chambres d&#039;h\u00f4tes, Lacoste, Provence\",\"publisher\":{\"@id\":\"https:\/\/le-clos-des-lavandes.com\/#organization\"},\"potentialAction\":[{\"@type\":\"SearchAction\",\"target\":{\"@type\":\"EntryPoint\",\"urlTemplate\":\"https:\/\/le-clos-des-lavandes.com\/?s={search_term_string}\"},\"query-input\":{\"@type\":\"PropertyValueSpecification\",\"valueRequired\":true,\"valueName\":\"search_term_string\"}}],\"inLanguage\":\"it-IT\"},{\"@type\":\"Organization\",\"@id\":\"https:\/\/le-clos-des-lavandes.com\/#organization\",\"name\":\"Le Clos des Lavandes\",\"url\":\"https:\/\/le-clos-des-lavandes.com\/\",\"logo\":{\"@type\":\"ImageObject\",\"inLanguage\":\"it-IT\",\"@id\":\"https:\/\/le-clos-des-lavandes.com\/#\/schema\/logo\/image\/\",\"url\":\"https:\/\/le-clos-des-lavandes.com\/wp-content\/uploads\/2016\/04\/Logo-CdL-2.png\",\"contentUrl\":\"https:\/\/le-clos-des-lavandes.com\/wp-content\/uploads\/2016\/04\/Logo-CdL-2.png\",\"width\":350,\"height\":60,\"caption\":\"Le Clos des Lavandes\"},\"image\":{\"@id\":\"https:\/\/le-clos-des-lavandes.com\/#\/schema\/logo\/image\/\"},\"sameAs\":[\"https:\/\/www.facebook.com\/leclosdeslavandes84\/\",\"https:\/\/www.instagram.com\/leclosdeslavandes15\/\",\"https:\/\/www.youtube.com\/user\/marie84820\"]}]}<\/script>\n<!-- \/ Yoast SEO plugin. -->","yoast_head_json":{"title":"Scopri la Provenza, Avignon, Arles | Clos des Lavandes","description":"Scopri la Provenza, Avignon, Arles, il Mont ventoux, la Camargua, Marsiglia, i campi di lavanda. Viene da vivere un'esperienza straordinaria!","robots":{"index":"index","follow":"follow","max-snippet":"max-snippet:-1","max-image-preview":"max-image-preview:large","max-video-preview":"max-video-preview:-1"},"canonical":"https:\/\/le-clos-des-lavandes.com\/it\/provenza-alpi-costa-azzurra\/scoprire-la-provenza-avignon-arles\/","og_locale":"it_IT","og_type":"article","og_title":"Scopri la Provenza, Avignon, Arles | Clos des Lavandes","og_description":"Scopri la Provenza, Avignon, Arles, il Mont ventoux, la Camargua, Marsiglia, i campi di lavanda. Viene da vivere un'esperienza straordinaria!","og_url":"https:\/\/le-clos-des-lavandes.com\/it\/provenza-alpi-costa-azzurra\/scoprire-la-provenza-avignon-arles\/","og_site_name":"Le clos des lavandes - chambres d&#039;h\u00f4tes de charme","article_publisher":"https:\/\/www.facebook.com\/leclosdeslavandes84\/","article_modified_time":"2024-03-06T14:04:31+00:00","twitter_card":"summary_large_image","twitter_misc":{"Tempo di lettura stimato":"1 minuto"},"schema":{"@context":"https:\/\/schema.org","@graph":[{"@type":"WebPage","@id":"https:\/\/le-clos-des-lavandes.com\/it\/provenza-alpi-costa-azzurra\/scoprire-la-provenza-avignon-arles\/","url":"https:\/\/le-clos-des-lavandes.com\/it\/provenza-alpi-costa-azzurra\/scoprire-la-provenza-avignon-arles\/","name":"Scopri la Provenza, Avignon, Arles | Clos des Lavandes","isPartOf":{"@id":"https:\/\/le-clos-des-lavandes.com\/#website"},"datePublished":"2015-11-13T12:21:22+00:00","dateModified":"2024-03-06T14:04:31+00:00","description":"Scopri la Provenza, Avignon, Arles, il Mont ventoux, la Camargua, Marsiglia, i campi di lavanda. Viene da vivere un'esperienza straordinaria!","breadcrumb":{"@id":"https:\/\/le-clos-des-lavandes.com\/it\/provenza-alpi-costa-azzurra\/scoprire-la-provenza-avignon-arles\/#breadcrumb"},"inLanguage":"it-IT","potentialAction":[{"@type":"ReadAction","target":["https:\/\/le-clos-des-lavandes.com\/it\/provenza-alpi-costa-azzurra\/scoprire-la-provenza-avignon-arles\/"]}]},{"@type":"BreadcrumbList","@id":"https:\/\/le-clos-des-lavandes.com\/it\/provenza-alpi-costa-azzurra\/scoprire-la-provenza-avignon-arles\/#breadcrumb","itemListElement":[{"@type":"ListItem","position":1,"name":"Accueil","item":"https:\/\/le-clos-des-lavandes.com\/it\/"},{"@type":"ListItem","position":2,"name":"Nostra regione","item":"https:\/\/le-clos-des-lavandes.com\/it\/provenza-alpi-costa-azzurra\/"},{"@type":"ListItem","position":3,"name":"Scopri la Provenza Avignon Arles"}]},{"@type":"WebSite","@id":"https:\/\/le-clos-des-lavandes.com\/#website","url":"https:\/\/le-clos-des-lavandes.com\/","name":"Le clos des lavandes - chambres d&#039;h\u00f4tes de charme","description":"[icon icon=map-marker] Chambres d&#039;h\u00f4tes, Lacoste, Provence","publisher":{"@id":"https:\/\/le-clos-des-lavandes.com\/#organization"},"potentialAction":[{"@type":"SearchAction","target":{"@type":"EntryPoint","urlTemplate":"https:\/\/le-clos-des-lavandes.com\/?s={search_term_string}"},"query-input":{"@type":"PropertyValueSpecification","valueRequired":true,"valueName":"search_term_string"}}],"inLanguage":"it-IT"},{"@type":"Organization","@id":"https:\/\/le-clos-des-lavandes.com\/#organization","name":"Le Clos des Lavandes","url":"https:\/\/le-clos-des-lavandes.com\/","logo":{"@type":"ImageObject","inLanguage":"it-IT","@id":"https:\/\/le-clos-des-lavandes.com\/#\/schema\/logo\/image\/","url":"https:\/\/le-clos-des-lavandes.com\/wp-content\/uploads\/2016\/04\/Logo-CdL-2.png","contentUrl":"https:\/\/le-clos-des-lavandes.com\/wp-content\/uploads\/2016\/04\/Logo-CdL-2.png","width":350,"height":60,"caption":"Le Clos des Lavandes"},"image":{"@id":"https:\/\/le-clos-des-lavandes.com\/#\/schema\/logo\/image\/"},"sameAs":["https:\/\/www.facebook.com\/leclosdeslavandes84\/","https:\/\/www.instagram.com\/leclosdeslavandes15\/","https:\/\/www.youtube.com\/user\/marie84820"]}]}},"_links":{"self":[{"href":"https:\/\/le-clos-des-lavandes.com\/it\/wp-json\/wp\/v2\/pages\/696","targetHints":{"allow":["GET"]}}],"collection":[{"href":"https:\/\/le-clos-des-lavandes.com\/it\/wp-json\/wp\/v2\/pages"}],"about":[{"href":"https:\/\/le-clos-des-lavandes.com\/it\/wp-json\/wp\/v2\/types\/page"}],"author":[{"embeddable":true,"href":"https:\/\/le-clos-des-lavandes.com\/it\/wp-json\/wp\/v2\/users\/1"}],"replies":[{"embeddable":true,"href":"https:\/\/le-clos-des-lavandes.com\/it\/wp-json\/wp\/v2\/comments?post=696"}],"version-history":[{"count":0,"href":"https:\/\/le-clos-des-lavandes.com\/it\/wp-json\/wp\/v2\/pages\/696\/revisions"}],"up":[{"embeddable":true,"href":"https:\/\/le-clos-des-lavandes.com\/it\/wp-json\/wp\/v2\/pages\/683"}],"wp:attachment":[{"href":"https:\/\/le-clos-des-lavandes.com\/it\/wp-json\/wp\/v2\/media?parent=696"}],"curies":[{"name":"wp","href":"https:\/\/api.w.org\/{rel}","templated":true}]}}