{"id":669,"date":"2015-11-13T13:51:03","date_gmt":"2015-11-13T12:51:03","guid":{"rendered":"http:\/\/le-clos-des-lavandes.com\/it\/casa-pensione-luberon-provence\/le-jardin\/"},"modified":"2024-03-06T14:41:45","modified_gmt":"2024-03-06T13:41:45","slug":"vacanze-in-provenza-nella-natura","status":"publish","type":"page","link":"https:\/\/le-clos-des-lavandes.com\/it\/bed-and-breakfast-provenza\/vacanze-in-provenza-nella-natura\/","title":{"rendered":"Il giardino"},"content":{"rendered":"<div class=\"wpb-content-wrapper\">[vc_row][vc_column width=&#8221;2\/3&#8243;][vc_column_text]\n<h4><b>Il canto dalle cicale, il profumo della lavande, l&#8217;azzurro limpido del cielo per vacanze in Provenza nella natura.<\/b><\/h4>\n<p>Il giardino \u00e8 un luogo ideale per rilassarsi, godersi l&#8217;ombra di un fico o di un ulivo e contemplare le siepi di lavanda. La sua rigogliosa vegetazione dona una gradevole frescura nelle giornate estive.<br \/>\nPer rispettare la natura, usiamo solo prodotti ecologici per la sua cura. Il giardino \u00e8 dotato di pannelli solari e luci a basso consumo. Il Clos des Lavandes vi offre\u00a0vacanze in Provenza nella natura all&#8217;insegna di un ambiente sano.<\/p>\n<p>Un sp\u00e0zio picnic est\u00e8rno con tavolli e sedie \u00e8 disponibile vicino alla fontana, per gustare i prodotti dei <a href=\"https:\/\/le-clos-des-lavandes.com\/it\/vicino\/ristoranti-e-gastronomia\/\">mercati di Provenza<\/a>.[\/vc_column_text][vc_gallery images=&#8221;312,1884,1480,319,318,315,314,324&#8243; img_size=&#8221;full&#8221; columns=&#8221;4&#8243;][\/vc_column][vc_column width=&#8221;1\/3&#8243;][vc_images_carousel images=&#8221;317,316&#8243; onclick=&#8221;link_no&#8221; hide_pagination_control=&#8221;yes&#8221; hide_prev_next_buttons=&#8221;yes&#8221;][\/vc_column][\/vc_row]\n<\/div>","protected":false},"excerpt":{"rendered":"<p>[vc_row][vc_column width=&#8221;2\/3&#8243;][vc_column_text] Il canto dalle cicale, il profumo della lavande, l&#8217;azzurro limpido del cielo per vacanze in Provenza nella natura. [&hellip;]<\/p>\n","protected":false},"author":1,"featured_media":0,"parent":661,"menu_order":1,"comment_status":"closed","ping_status":"closed","template":"","meta":{"footnotes":""},"class_list":["post-669","page","type-page","status-publish","hentry"],"yoast_head":"<!-- This site is optimized with the Yoast SEO plugin v27.1.1 - https:\/\/yoast.com\/product\/yoast-seo-wordpress\/ -->\n<title>Vacanze in Provenza nella natura | Clos des Lavandes<\/title>\n<meta name=\"description\" content=\"Vacanze in Provenza nella natura in bed and breakfast di charme a Lacoste, con terrazza e ingresso independente in un parco ecologico.\" \/>\n<meta name=\"robots\" content=\"index, follow, max-snippet:-1, max-image-preview:large, max-video-preview:-1\" \/>\n<link rel=\"canonical\" href=\"https:\/\/le-clos-des-lavandes.com\/it\/bed-and-breakfast-provenza\/vacanze-in-provenza-nella-natura\/\" \/>\n<meta property=\"og:locale\" content=\"it_IT\" \/>\n<meta property=\"og:type\" content=\"article\" \/>\n<meta property=\"og:title\" content=\"Vacanze in Provenza nella natura | Clos des Lavandes\" \/>\n<meta property=\"og:description\" content=\"Vacanze in Provenza nella natura in bed and breakfast di charme a Lacoste, con terrazza e ingresso independente in un parco ecologico.\" \/>\n<meta property=\"og:url\" content=\"https:\/\/le-clos-des-lavandes.com\/it\/bed-and-breakfast-provenza\/vacanze-in-provenza-nella-natura\/\" \/>\n<meta property=\"og:site_name\" content=\"Le clos des lavandes - chambres d&#039;h\u00f4tes de charme\" \/>\n<meta property=\"article:publisher\" content=\"https:\/\/www.facebook.com\/leclosdeslavandes84\/\" \/>\n<meta property=\"article:modified_time\" content=\"2024-03-06T13:41:45+00:00\" \/>\n<meta name=\"twitter:card\" content=\"summary_large_image\" \/>\n<meta name=\"twitter:label1\" content=\"Tempo di lettura stimato\" \/>\n\t<meta name=\"twitter:data1\" content=\"1 minuto\" \/>\n<script type=\"application\/ld+json\" class=\"yoast-schema-graph\">{\"@context\":\"https:\/\/schema.org\",\"@graph\":[{\"@type\":\"WebPage\",\"@id\":\"https:\/\/le-clos-des-lavandes.com\/it\/bed-and-breakfast-provenza\/vacanze-in-provenza-nella-natura\/\",\"url\":\"https:\/\/le-clos-des-lavandes.com\/it\/bed-and-breakfast-provenza\/vacanze-in-provenza-nella-natura\/\",\"name\":\"Vacanze in Provenza nella natura | Clos des Lavandes\",\"isPartOf\":{\"@id\":\"https:\/\/le-clos-des-lavandes.com\/#website\"},\"datePublished\":\"2015-11-13T12:51:03+00:00\",\"dateModified\":\"2024-03-06T13:41:45+00:00\",\"description\":\"Vacanze in Provenza nella natura in bed and breakfast di charme a Lacoste, con terrazza e ingresso independente in un parco ecologico.\",\"breadcrumb\":{\"@id\":\"https:\/\/le-clos-des-lavandes.com\/it\/bed-and-breakfast-provenza\/vacanze-in-provenza-nella-natura\/#breadcrumb\"},\"inLanguage\":\"it-IT\",\"potentialAction\":[{\"@type\":\"ReadAction\",\"target\":[\"https:\/\/le-clos-des-lavandes.com\/it\/bed-and-breakfast-provenza\/vacanze-in-provenza-nella-natura\/\"]}]},{\"@type\":\"BreadcrumbList\",\"@id\":\"https:\/\/le-clos-des-lavandes.com\/it\/bed-and-breakfast-provenza\/vacanze-in-provenza-nella-natura\/#breadcrumb\",\"itemListElement\":[{\"@type\":\"ListItem\",\"position\":1,\"name\":\"Accueil\",\"item\":\"https:\/\/le-clos-des-lavandes.com\/it\/\"},{\"@type\":\"ListItem\",\"position\":2,\"name\":\"Nostra casa\",\"item\":\"https:\/\/le-clos-des-lavandes.com\/it\/bed-and-breakfast-provenza\/\"},{\"@type\":\"ListItem\",\"position\":3,\"name\":\"Il giardino\"}]},{\"@type\":\"WebSite\",\"@id\":\"https:\/\/le-clos-des-lavandes.com\/#website\",\"url\":\"https:\/\/le-clos-des-lavandes.com\/\",\"name\":\"Le clos des lavandes - chambres d&#039;h\u00f4tes de charme\",\"description\":\"[icon icon=map-marker] Chambres d&#039;h\u00f4tes, Lacoste, Provence\",\"publisher\":{\"@id\":\"https:\/\/le-clos-des-lavandes.com\/#organization\"},\"potentialAction\":[{\"@type\":\"SearchAction\",\"target\":{\"@type\":\"EntryPoint\",\"urlTemplate\":\"https:\/\/le-clos-des-lavandes.com\/?s={search_term_string}\"},\"query-input\":{\"@type\":\"PropertyValueSpecification\",\"valueRequired\":true,\"valueName\":\"search_term_string\"}}],\"inLanguage\":\"it-IT\"},{\"@type\":\"Organization\",\"@id\":\"https:\/\/le-clos-des-lavandes.com\/#organization\",\"name\":\"Le Clos des Lavandes\",\"url\":\"https:\/\/le-clos-des-lavandes.com\/\",\"logo\":{\"@type\":\"ImageObject\",\"inLanguage\":\"it-IT\",\"@id\":\"https:\/\/le-clos-des-lavandes.com\/#\/schema\/logo\/image\/\",\"url\":\"https:\/\/le-clos-des-lavandes.com\/wp-content\/uploads\/2016\/04\/Logo-CdL-2.png\",\"contentUrl\":\"https:\/\/le-clos-des-lavandes.com\/wp-content\/uploads\/2016\/04\/Logo-CdL-2.png\",\"width\":350,\"height\":60,\"caption\":\"Le Clos des Lavandes\"},\"image\":{\"@id\":\"https:\/\/le-clos-des-lavandes.com\/#\/schema\/logo\/image\/\"},\"sameAs\":[\"https:\/\/www.facebook.com\/leclosdeslavandes84\/\",\"https:\/\/www.instagram.com\/leclosdeslavandes15\/\",\"https:\/\/www.youtube.com\/user\/marie84820\"]}]}<\/script>\n<!-- \/ Yoast SEO plugin. -->","yoast_head_json":{"title":"Vacanze in Provenza nella natura | Clos des Lavandes","description":"Vacanze in Provenza nella natura in bed and breakfast di charme a Lacoste, con terrazza e ingresso independente in un parco ecologico.","robots":{"index":"index","follow":"follow","max-snippet":"max-snippet:-1","max-image-preview":"max-image-preview:large","max-video-preview":"max-video-preview:-1"},"canonical":"https:\/\/le-clos-des-lavandes.com\/it\/bed-and-breakfast-provenza\/vacanze-in-provenza-nella-natura\/","og_locale":"it_IT","og_type":"article","og_title":"Vacanze in Provenza nella natura | Clos des Lavandes","og_description":"Vacanze in Provenza nella natura in bed and breakfast di charme a Lacoste, con terrazza e ingresso independente in un parco ecologico.","og_url":"https:\/\/le-clos-des-lavandes.com\/it\/bed-and-breakfast-provenza\/vacanze-in-provenza-nella-natura\/","og_site_name":"Le clos des lavandes - chambres d&#039;h\u00f4tes de charme","article_publisher":"https:\/\/www.facebook.com\/leclosdeslavandes84\/","article_modified_time":"2024-03-06T13:41:45+00:00","twitter_card":"summary_large_image","twitter_misc":{"Tempo di lettura stimato":"1 minuto"},"schema":{"@context":"https:\/\/schema.org","@graph":[{"@type":"WebPage","@id":"https:\/\/le-clos-des-lavandes.com\/it\/bed-and-breakfast-provenza\/vacanze-in-provenza-nella-natura\/","url":"https:\/\/le-clos-des-lavandes.com\/it\/bed-and-breakfast-provenza\/vacanze-in-provenza-nella-natura\/","name":"Vacanze in Provenza nella natura | Clos des Lavandes","isPartOf":{"@id":"https:\/\/le-clos-des-lavandes.com\/#website"},"datePublished":"2015-11-13T12:51:03+00:00","dateModified":"2024-03-06T13:41:45+00:00","description":"Vacanze in Provenza nella natura in bed and breakfast di charme a Lacoste, con terrazza e ingresso independente in un parco ecologico.","breadcrumb":{"@id":"https:\/\/le-clos-des-lavandes.com\/it\/bed-and-breakfast-provenza\/vacanze-in-provenza-nella-natura\/#breadcrumb"},"inLanguage":"it-IT","potentialAction":[{"@type":"ReadAction","target":["https:\/\/le-clos-des-lavandes.com\/it\/bed-and-breakfast-provenza\/vacanze-in-provenza-nella-natura\/"]}]},{"@type":"BreadcrumbList","@id":"https:\/\/le-clos-des-lavandes.com\/it\/bed-and-breakfast-provenza\/vacanze-in-provenza-nella-natura\/#breadcrumb","itemListElement":[{"@type":"ListItem","position":1,"name":"Accueil","item":"https:\/\/le-clos-des-lavandes.com\/it\/"},{"@type":"ListItem","position":2,"name":"Nostra casa","item":"https:\/\/le-clos-des-lavandes.com\/it\/bed-and-breakfast-provenza\/"},{"@type":"ListItem","position":3,"name":"Il giardino"}]},{"@type":"WebSite","@id":"https:\/\/le-clos-des-lavandes.com\/#website","url":"https:\/\/le-clos-des-lavandes.com\/","name":"Le clos des lavandes - chambres d&#039;h\u00f4tes de charme","description":"[icon icon=map-marker] Chambres d&#039;h\u00f4tes, Lacoste, Provence","publisher":{"@id":"https:\/\/le-clos-des-lavandes.com\/#organization"},"potentialAction":[{"@type":"SearchAction","target":{"@type":"EntryPoint","urlTemplate":"https:\/\/le-clos-des-lavandes.com\/?s={search_term_string}"},"query-input":{"@type":"PropertyValueSpecification","valueRequired":true,"valueName":"search_term_string"}}],"inLanguage":"it-IT"},{"@type":"Organization","@id":"https:\/\/le-clos-des-lavandes.com\/#organization","name":"Le Clos des Lavandes","url":"https:\/\/le-clos-des-lavandes.com\/","logo":{"@type":"ImageObject","inLanguage":"it-IT","@id":"https:\/\/le-clos-des-lavandes.com\/#\/schema\/logo\/image\/","url":"https:\/\/le-clos-des-lavandes.com\/wp-content\/uploads\/2016\/04\/Logo-CdL-2.png","contentUrl":"https:\/\/le-clos-des-lavandes.com\/wp-content\/uploads\/2016\/04\/Logo-CdL-2.png","width":350,"height":60,"caption":"Le Clos des Lavandes"},"image":{"@id":"https:\/\/le-clos-des-lavandes.com\/#\/schema\/logo\/image\/"},"sameAs":["https:\/\/www.facebook.com\/leclosdeslavandes84\/","https:\/\/www.instagram.com\/leclosdeslavandes15\/","https:\/\/www.youtube.com\/user\/marie84820"]}]}},"_links":{"self":[{"href":"https:\/\/le-clos-des-lavandes.com\/it\/wp-json\/wp\/v2\/pages\/669","targetHints":{"allow":["GET"]}}],"collection":[{"href":"https:\/\/le-clos-des-lavandes.com\/it\/wp-json\/wp\/v2\/pages"}],"about":[{"href":"https:\/\/le-clos-des-lavandes.com\/it\/wp-json\/wp\/v2\/types\/page"}],"author":[{"embeddable":true,"href":"https:\/\/le-clos-des-lavandes.com\/it\/wp-json\/wp\/v2\/users\/1"}],"replies":[{"embeddable":true,"href":"https:\/\/le-clos-des-lavandes.com\/it\/wp-json\/wp\/v2\/comments?post=669"}],"version-history":[{"count":0,"href":"https:\/\/le-clos-des-lavandes.com\/it\/wp-json\/wp\/v2\/pages\/669\/revisions"}],"up":[{"embeddable":true,"href":"https:\/\/le-clos-des-lavandes.com\/it\/wp-json\/wp\/v2\/pages\/661"}],"wp:attachment":[{"href":"https:\/\/le-clos-des-lavandes.com\/it\/wp-json\/wp\/v2\/media?parent=669"}],"curies":[{"name":"wp","href":"https:\/\/api.w.org\/{rel}","templated":true}]}}