{"id":628,"date":"2016-02-18T06:04:29","date_gmt":"2016-02-18T05:04:29","guid":{"rendered":"http:\/\/le-clos-des-lavandes.com\/it\/?page_id=628"},"modified":"2025-12-21T10:29:54","modified_gmt":"2025-12-21T09:29:54","slug":"recensioni","status":"publish","type":"page","link":"https:\/\/le-clos-des-lavandes.com\/it\/testimonials\/recensioni\/","title":{"rendered":"Recensioni"},"content":{"rendered":"<div class=\"wpb-content-wrapper\">[vc_row][vc_column]<div class='testimonials-carousel  owl-with-navigation' data-owl='{&quot;items&quot;:3,&quot;nav&quot;:false,&quot;navText&quot;:[],&quot;loop&quot;:true,&quot;autoplay&quot;:true,&quot;autoplayTimeout&quot;:&quot;4000&quot;,&quot;autoplayHoverPause&quot;:true,&quot;responsive&quot;:{&quot;0&quot;:{&quot;items&quot;:1,&quot;dots&quot;:true,&quot;nav&quot;:false},&quot;767&quot;:{&quot;items&quot;:2,&quot;dots&quot;:true},&quot;992&quot;:{&quot;items&quot;:3,&quot;dots&quot;:true}}}'><div class='testimonial'>\n      <h4 class='testimonial-title'>\n      Andrea Palmieri - Italia          <\/h4>\n        <p>Decisamente molto provenzale. Camere grandi ed accoglienti. Personale gentile che parla anche bene italiano. Giardino grande e pieno di angoli ottimi per un aperitivo. Bella la fontana centrale. Ogni camera ha il il suo giardinetto con sedute e tavolino. Ottima anche la colazione servita nel giardinetto, immersi nel verde.<\/p>\n    <a href='#' class='btn-inline btn' target=\"_self\"><\/a>\n<\/div>\n<div class='testimonial'>\n      <h4 class='testimonial-title'>\n      C17a15 - Italia          <\/h4>\n        <p>Siamo stati 5 notti in questa deliziosa casa provenzale con magnifico giardino.  Immersa nel verde e nel silenzio. Ogni stanza aveva il suo angolo esterno con tavolo e sedie. Tutto pulitissimo e ordinato. Colazione ottima. I proprietari molto disponibili e cordiali. Consigliatissimo.<\/p>\n    <a href='#' class='btn-inline btn' target=\"_self\"><\/a>\n<\/div>\n<div class='testimonial'>\n      <h4 class='testimonial-title'>\n      04688Oxmanuelab- Italia          <\/h4>\n        <p>La struttura \u00e8 immersa nella campagna in un silenzio notturno piacevolissimo, tra grilli e stelle.|Le camere sono curate, pulite, arredate con gusto. I colori delle pareti e delle tappezzerie sono deliziosi. Il giardino \u00e8 tipicamente francese, con molti fiori. La colazione sotto il pergolato \u00e8 davvero un momento provenzale. Gentilissimo il proprietario.<\/p>\n    <a href='#' class='btn-inline btn' target=\"_self\"><\/a>\n<\/div>\n<div class='testimonial'>\n      <h4 class='testimonial-title'>\n      Nonna Stefi - Pise, Italia          <\/h4>\n        <p>Ottima struttura ricettiva<br \/>\nSiamo stati 5 notti in questa deliziosa casa provenzale con magnifico giardino. Immersa nel verde e nel silenzio. Ogni stanza aveva il suo angolo esterno con tavolo e sedie. Tutto pulitissimo e ordinato. Colazione ottima. I proprietari molto disponibili e cordiali. Consigliatissimo.<\/p>\n    <a href='' class='btn-inline btn' target=\"_self\"><\/a>\n<\/div>\n<div class='testimonial'>\n      <h4 class='testimonial-title'>\n      Lauperlau - Novara, Italia          <\/h4>\n        <p>La provenza gentile ed eterna<br \/>\nLa struttura \u00e8 una villa nella bella campagna del Luberon vicina al paese, con un bel giardino e poche stanze dotate di ingresso indipendente e un dehors, arredate con buon gusto e un tocco ``provenzale``.<br \/>\nC'\u00e8 molta tranquillit\u00e1 e la posizione \u00e8 molto strategica per visitare i vari villaggi e le attrazioni della zona.<br \/>\nI gestori sono gentilissimi, affabili e discreti.<br \/>\nLa colazione ottima.<br \/>\nParcheggio gratuito all'interno.<br \/>\nCi torneremo!<\/p>\n    <a href='#' class='btn-inline btn' target=\"_self\"><\/a>\n<\/div>\n<div class='testimonial'>\n      <h4 class='testimonial-title'>\n      Alessia F - Milano, Marittima, Italia          <\/h4>\n        <p>I colori e i profumi della Provenza<br \/>\nNel cuore del Luberon, le Clos des Lavandes \u00e8 un angolo di pace, che ben incarna i colori e i profumi della Provenza. Le camere accoglienti e molto curate anche nei minimi particolari, si affacciano su in un ampio giardino ricco di piante aromatiche ed un campo di lavanda.<br \/>\nLe giornate al Clos de Lavandes iniziano con una ricca e appetitosa colazione.<br \/>\nTutto qui racconta il gusto e la grazia con cui i proprietari curano questo posto e i loro ospiti.<\/p>\n<p>La posizione centrale di Lacoste ci ha permesso di raggiungere facilmente, oltre ai borghi del Luberon quali Menerbes Bonnieux, Oppede, anche Avignone, Gordes, Saint Remy, Fontaine de Vaucluse, Roussillon, L\u2019Isle sur la Sorgue, Apt, Lourmarin\u2026<br \/>\nAnche Arles, Nimes e Orange sono facilmente raggiungibili.<br \/>\nDa ritornarci, magari con qualche giorno in pi\u00f9.<\/p>\n    <a href='#' class='btn-inline btn' target=\"_self\"><\/a>\n<\/div>\n<\/div>[\/vc_column][\/vc_row]\n<\/div>","protected":false},"excerpt":{"rendered":"<p>[vc_row][vc_column][\/vc_column][\/vc_row]<\/p>\n","protected":false},"author":1,"featured_media":0,"parent":633,"menu_order":0,"comment_status":"closed","ping_status":"closed","template":"","meta":{"footnotes":""},"class_list":["post-628","page","type-page","status-publish","hentry"],"yoast_head":"<!-- This site is optimized with the Yoast SEO plugin v27.1.1 - https:\/\/yoast.com\/product\/yoast-seo-wordpress\/ -->\n<title>Recensioni, bed and breakfast, Lacoste | Clos des Lavandes<\/title>\n<meta name=\"description\" content=\"Vedi recensioni dei clienti che hanno soggiornato al Clos des Lavandes in Provenza. Numero 1 di 6 bed and breakfast in Lacoste. Certificato de eccellenza.\" \/>\n<meta name=\"robots\" content=\"index, follow, max-snippet:-1, max-image-preview:large, max-video-preview:-1\" \/>\n<link rel=\"canonical\" href=\"https:\/\/le-clos-des-lavandes.com\/it\/testimonials\/recensioni\/\" \/>\n<meta property=\"og:locale\" content=\"it_IT\" \/>\n<meta property=\"og:type\" content=\"article\" \/>\n<meta property=\"og:title\" content=\"Recensioni, bed and breakfast, Lacoste | Clos des Lavandes\" \/>\n<meta property=\"og:description\" content=\"Vedi recensioni dei clienti che hanno soggiornato al Clos des Lavandes in Provenza. Numero 1 di 6 bed and breakfast in Lacoste. Certificato de eccellenza.\" \/>\n<meta property=\"og:url\" content=\"https:\/\/le-clos-des-lavandes.com\/it\/testimonials\/recensioni\/\" \/>\n<meta property=\"og:site_name\" content=\"Le clos des lavandes - chambres d&#039;h\u00f4tes de charme\" \/>\n<meta property=\"article:publisher\" content=\"https:\/\/www.facebook.com\/leclosdeslavandes84\/\" \/>\n<meta property=\"article:modified_time\" content=\"2025-12-21T09:29:54+00:00\" \/>\n<meta name=\"twitter:card\" content=\"summary_large_image\" \/>\n<meta name=\"twitter:label1\" content=\"Tempo di lettura stimato\" \/>\n\t<meta name=\"twitter:data1\" content=\"2 minuto\" \/>\n<script type=\"application\/ld+json\" class=\"yoast-schema-graph\">{\"@context\":\"https:\/\/schema.org\",\"@graph\":[{\"@type\":\"WebPage\",\"@id\":\"https:\/\/le-clos-des-lavandes.com\/it\/testimonials\/recensioni\/\",\"url\":\"https:\/\/le-clos-des-lavandes.com\/it\/testimonials\/recensioni\/\",\"name\":\"Recensioni, bed and breakfast, Lacoste | Clos des Lavandes\",\"isPartOf\":{\"@id\":\"https:\/\/le-clos-des-lavandes.com\/#website\"},\"datePublished\":\"2016-02-18T05:04:29+00:00\",\"dateModified\":\"2025-12-21T09:29:54+00:00\",\"description\":\"Vedi recensioni dei clienti che hanno soggiornato al Clos des Lavandes in Provenza. Numero 1 di 6 bed and breakfast in Lacoste. Certificato de eccellenza.\",\"breadcrumb\":{\"@id\":\"https:\/\/le-clos-des-lavandes.com\/it\/testimonials\/recensioni\/#breadcrumb\"},\"inLanguage\":\"it-IT\",\"potentialAction\":[{\"@type\":\"ReadAction\",\"target\":[\"https:\/\/le-clos-des-lavandes.com\/it\/testimonials\/recensioni\/\"]}]},{\"@type\":\"BreadcrumbList\",\"@id\":\"https:\/\/le-clos-des-lavandes.com\/it\/testimonials\/recensioni\/#breadcrumb\",\"itemListElement\":[{\"@type\":\"ListItem\",\"position\":1,\"name\":\"Accueil\",\"item\":\"https:\/\/le-clos-des-lavandes.com\/it\/\"},{\"@type\":\"ListItem\",\"position\":2,\"name\":\"Testimonials\",\"item\":\"https:\/\/le-clos-des-lavandes.com\/it\/testimonials\/\"},{\"@type\":\"ListItem\",\"position\":3,\"name\":\"Recensioni\"}]},{\"@type\":\"WebSite\",\"@id\":\"https:\/\/le-clos-des-lavandes.com\/#website\",\"url\":\"https:\/\/le-clos-des-lavandes.com\/\",\"name\":\"Le clos des lavandes - chambres d&#039;h\u00f4tes de charme\",\"description\":\"[icon icon=map-marker] Chambres d&#039;h\u00f4tes, Lacoste, Provence\",\"publisher\":{\"@id\":\"https:\/\/le-clos-des-lavandes.com\/#organization\"},\"potentialAction\":[{\"@type\":\"SearchAction\",\"target\":{\"@type\":\"EntryPoint\",\"urlTemplate\":\"https:\/\/le-clos-des-lavandes.com\/?s={search_term_string}\"},\"query-input\":{\"@type\":\"PropertyValueSpecification\",\"valueRequired\":true,\"valueName\":\"search_term_string\"}}],\"inLanguage\":\"it-IT\"},{\"@type\":\"Organization\",\"@id\":\"https:\/\/le-clos-des-lavandes.com\/#organization\",\"name\":\"Le Clos des Lavandes\",\"url\":\"https:\/\/le-clos-des-lavandes.com\/\",\"logo\":{\"@type\":\"ImageObject\",\"inLanguage\":\"it-IT\",\"@id\":\"https:\/\/le-clos-des-lavandes.com\/#\/schema\/logo\/image\/\",\"url\":\"https:\/\/le-clos-des-lavandes.com\/wp-content\/uploads\/2016\/04\/Logo-CdL-2.png\",\"contentUrl\":\"https:\/\/le-clos-des-lavandes.com\/wp-content\/uploads\/2016\/04\/Logo-CdL-2.png\",\"width\":350,\"height\":60,\"caption\":\"Le Clos des Lavandes\"},\"image\":{\"@id\":\"https:\/\/le-clos-des-lavandes.com\/#\/schema\/logo\/image\/\"},\"sameAs\":[\"https:\/\/www.facebook.com\/leclosdeslavandes84\/\",\"https:\/\/www.instagram.com\/leclosdeslavandes15\/\",\"https:\/\/www.youtube.com\/user\/marie84820\"]}]}<\/script>\n<!-- \/ Yoast SEO plugin. -->","yoast_head_json":{"title":"Recensioni, bed and breakfast, Lacoste | Clos des Lavandes","description":"Vedi recensioni dei clienti che hanno soggiornato al Clos des Lavandes in Provenza. Numero 1 di 6 bed and breakfast in Lacoste. Certificato de eccellenza.","robots":{"index":"index","follow":"follow","max-snippet":"max-snippet:-1","max-image-preview":"max-image-preview:large","max-video-preview":"max-video-preview:-1"},"canonical":"https:\/\/le-clos-des-lavandes.com\/it\/testimonials\/recensioni\/","og_locale":"it_IT","og_type":"article","og_title":"Recensioni, bed and breakfast, Lacoste | Clos des Lavandes","og_description":"Vedi recensioni dei clienti che hanno soggiornato al Clos des Lavandes in Provenza. Numero 1 di 6 bed and breakfast in Lacoste. Certificato de eccellenza.","og_url":"https:\/\/le-clos-des-lavandes.com\/it\/testimonials\/recensioni\/","og_site_name":"Le clos des lavandes - chambres d&#039;h\u00f4tes de charme","article_publisher":"https:\/\/www.facebook.com\/leclosdeslavandes84\/","article_modified_time":"2025-12-21T09:29:54+00:00","twitter_card":"summary_large_image","twitter_misc":{"Tempo di lettura stimato":"2 minuto"},"schema":{"@context":"https:\/\/schema.org","@graph":[{"@type":"WebPage","@id":"https:\/\/le-clos-des-lavandes.com\/it\/testimonials\/recensioni\/","url":"https:\/\/le-clos-des-lavandes.com\/it\/testimonials\/recensioni\/","name":"Recensioni, bed and breakfast, Lacoste | Clos des Lavandes","isPartOf":{"@id":"https:\/\/le-clos-des-lavandes.com\/#website"},"datePublished":"2016-02-18T05:04:29+00:00","dateModified":"2025-12-21T09:29:54+00:00","description":"Vedi recensioni dei clienti che hanno soggiornato al Clos des Lavandes in Provenza. Numero 1 di 6 bed and breakfast in Lacoste. Certificato de eccellenza.","breadcrumb":{"@id":"https:\/\/le-clos-des-lavandes.com\/it\/testimonials\/recensioni\/#breadcrumb"},"inLanguage":"it-IT","potentialAction":[{"@type":"ReadAction","target":["https:\/\/le-clos-des-lavandes.com\/it\/testimonials\/recensioni\/"]}]},{"@type":"BreadcrumbList","@id":"https:\/\/le-clos-des-lavandes.com\/it\/testimonials\/recensioni\/#breadcrumb","itemListElement":[{"@type":"ListItem","position":1,"name":"Accueil","item":"https:\/\/le-clos-des-lavandes.com\/it\/"},{"@type":"ListItem","position":2,"name":"Testimonials","item":"https:\/\/le-clos-des-lavandes.com\/it\/testimonials\/"},{"@type":"ListItem","position":3,"name":"Recensioni"}]},{"@type":"WebSite","@id":"https:\/\/le-clos-des-lavandes.com\/#website","url":"https:\/\/le-clos-des-lavandes.com\/","name":"Le clos des lavandes - chambres d&#039;h\u00f4tes de charme","description":"[icon icon=map-marker] Chambres d&#039;h\u00f4tes, Lacoste, Provence","publisher":{"@id":"https:\/\/le-clos-des-lavandes.com\/#organization"},"potentialAction":[{"@type":"SearchAction","target":{"@type":"EntryPoint","urlTemplate":"https:\/\/le-clos-des-lavandes.com\/?s={search_term_string}"},"query-input":{"@type":"PropertyValueSpecification","valueRequired":true,"valueName":"search_term_string"}}],"inLanguage":"it-IT"},{"@type":"Organization","@id":"https:\/\/le-clos-des-lavandes.com\/#organization","name":"Le Clos des Lavandes","url":"https:\/\/le-clos-des-lavandes.com\/","logo":{"@type":"ImageObject","inLanguage":"it-IT","@id":"https:\/\/le-clos-des-lavandes.com\/#\/schema\/logo\/image\/","url":"https:\/\/le-clos-des-lavandes.com\/wp-content\/uploads\/2016\/04\/Logo-CdL-2.png","contentUrl":"https:\/\/le-clos-des-lavandes.com\/wp-content\/uploads\/2016\/04\/Logo-CdL-2.png","width":350,"height":60,"caption":"Le Clos des Lavandes"},"image":{"@id":"https:\/\/le-clos-des-lavandes.com\/#\/schema\/logo\/image\/"},"sameAs":["https:\/\/www.facebook.com\/leclosdeslavandes84\/","https:\/\/www.instagram.com\/leclosdeslavandes15\/","https:\/\/www.youtube.com\/user\/marie84820"]}]}},"_links":{"self":[{"href":"https:\/\/le-clos-des-lavandes.com\/it\/wp-json\/wp\/v2\/pages\/628","targetHints":{"allow":["GET"]}}],"collection":[{"href":"https:\/\/le-clos-des-lavandes.com\/it\/wp-json\/wp\/v2\/pages"}],"about":[{"href":"https:\/\/le-clos-des-lavandes.com\/it\/wp-json\/wp\/v2\/types\/page"}],"author":[{"embeddable":true,"href":"https:\/\/le-clos-des-lavandes.com\/it\/wp-json\/wp\/v2\/users\/1"}],"replies":[{"embeddable":true,"href":"https:\/\/le-clos-des-lavandes.com\/it\/wp-json\/wp\/v2\/comments?post=628"}],"version-history":[{"count":0,"href":"https:\/\/le-clos-des-lavandes.com\/it\/wp-json\/wp\/v2\/pages\/628\/revisions"}],"up":[{"embeddable":true,"href":"https:\/\/le-clos-des-lavandes.com\/it\/wp-json\/wp\/v2\/pages\/633"}],"wp:attachment":[{"href":"https:\/\/le-clos-des-lavandes.com\/it\/wp-json\/wp\/v2\/media?parent=628"}],"curies":[{"name":"wp","href":"https:\/\/api.w.org\/{rel}","templated":true}]}}