{"id":615,"date":"2016-02-18T05:47:41","date_gmt":"2016-02-18T04:47:41","guid":{"rendered":"http:\/\/le-clos-des-lavandes.com\/it\/?page_id=615"},"modified":"2026-03-06T16:04:15","modified_gmt":"2026-03-06T15:04:15","slug":"bed-and-breakfast-luberon-provenza","status":"publish","type":"page","link":"https:\/\/le-clos-des-lavandes.com\/it\/","title":{"rendered":"Home"},"content":{"rendered":"<div class=\"wpb-content-wrapper\">[vc_row][vc_column][vc_column_text][\/vc_column_text][\/vc_column][\/vc_row][vc_row grid=&#8221;true&#8221;][vc_column width=&#8221;2\/3&#8243; offset=&#8221;vc_col-sm-offset-2&#8243;][vc_column_text]\n<h1 style=\"text-align: center;\">Bed and breakfast Luberon <small>camere climatizzate con terrazza privata a Lacoste in Provenza<\/small><\/h1>\n<p class=\"lead\" style=\"text-align: center;\"><strong>\u00a0<\/strong><\/p>\n[\/vc_column_text][\/vc_column][vc_column width=&#8221;3\/4&#8243; css=&#8221;.vc_custom_1454544027476{padding-right: 20px !important;}&#8221;][vc_column_text css=&#8221;.vc_custom_1521814325308{padding-right: 20px !important;}&#8221;]\n<p class=\"lead\" style=\"text-align: left;\">Il bed and breakfast Luberon Provenza \u00e8 situato nel cuore del Parco Naturale, vicino a Lacoste, tra M\u00e9nerbes e Bonnieux.<\/p>\n<p>Le Clos des Lavandes si trova a breve distanza dal paese e dal celebre castello del Marchese de Sade. Si tratta di una delle pi\u00f9 belle localit\u00e0 del Luberon, in quanto \u00e8 prossima ai principali luoghi di interesse turistico e culturale della regione. Inoltre, Lacoste ha ospitato molti artisti e da diversi anni vi ha sede una rinomata scuola d&#8217;arte.<\/p>\n<p>Le nostre camere, affascinanti e dotate di decorazioni curate e attrezzature di qualit\u00e0, offrono un&#8217;atmosfera piacevole e raffinata. Sono la scelta ideale per i viaggiatori che desiderano un soggiorno romantico, autentico e rilassante.<\/p>\n<p>Le Clos des Lavandes \u00e8 una dimora provenzale circondata da un giardino curato, ricco di lavanda, ulivi, cipressi e erbe aromatiche, posta in una posizione panoramica, di fronte al Luberon.<\/p>\n<p>Potrai usufruire di una connessione WI-FI gratuita e di alta qualit\u00e0 in tutta la struttura, per mantenere i contatti con i tuoi familiari o per lavorare da remoto.<\/p>\n<p>Inoltre, in loco \u00e8 presente un parcheggio privato, chiuso da codice digitale. Stazioni di ricarica per veicoli elettrici nel villaggio.<\/p>\n<p style=\"text-align: left;\">Scopri <a href=\"https:\/\/le-clos-des-lavandes.com\/it\/idee-de-sejour\/\"><strong>idee di soggiorno qui.<\/strong><\/a><\/p>\n<p><strong>La calma, il rilassamento e la scoperta vi aspettano.<\/strong>[\/vc_column_text][\/vc_column][vc_column width=&#8221;1\/4&#8243; css=&#8221;.vc_custom_1454543610239{padding-right: 0px !important;padding-left: 0px !important;background-color: rgba(195,190,206,0.1) !important;*background-color: rgb(195,190,206) !important;}&#8221;][vc_column_text css=&#8221;.vc_custom_1731083639473{border-top-width: 2px !important;border-right-width: 2px !important;border-bottom-width: 2px !important;border-left-width: 2px !important;padding-top: 30px !important;padding-bottom: 30px !important;border-left-color: #a7a1c4 !important;border-left-style: solid !important;border-right-color: #a7a1c4 !important;border-right-style: solid !important;border-top-color: #a7a1c4 !important;border-top-style: solid !important;border-bottom-color: #a7a1c4 !important;border-bottom-style: solid !important;border-radius: 1px !important;}&#8221;]\n<h4 style=\"text-align: center; margin-bottom: 4rem;\">I migliori beni<\/h4>\n<p style=\"text-align: center; line-height: 3.5rem;\">WIFI gratuito\u00a0in touta la propriet\u00e0<br \/>\nAria condizionata<br \/>\nMini frigo, TV e microonde in stanza<br \/>\nVassoio di Benvenuto e bollitore<br \/>\nMacchina per il caff\u00e8, stoviglie<br \/>\nSala da pranzo interna ed esterna<br \/>\nTerrazza e ingresso independ\u00e8ente<br \/>\nParcheggio privato e chiuso nella propriet\u00e0<\/p>\n[\/vc_column_text][\/vc_column][\/vc_row][vc_row full_width=&#8221;stretch_row&#8221; grid=&#8221;true&#8221; css=&#8221;.vc_custom_1453337207378{background-color: #f7f7f7 !important;}&#8221;][vc_column]<h2 class=\"text-center\">Scopri nostre camere<\/h2><div class='services-carousel  owl-with-navigation' data-owl='{&quot;items&quot;:4,&quot;nav&quot;:true,&quot;navText&quot;:[&quot;Precedente&quot;,&quot;Prossimo&quot;],&quot;loop&quot;:true,&quot;autoplay&quot;:true,&quot;autoplayTimeout&quot;:2000,&quot;autoplayHoverPause&quot;:false,&quot;responsive&quot;:{&quot;0&quot;:{&quot;items&quot;:1,&quot;dots&quot;:false,&quot;nav&quot;:true},&quot;767&quot;:{&quot;items&quot;:4,&quot;dots&quot;:false},&quot;992&quot;:{&quot;items&quot;:4,&quot;dots&quot;:false}}}'><div class=\"item\">\n  <a href=\"https:\/\/le-clos-des-lavandes.com\/it\/camere\/glycine\/\" target=\"_self\" class=\"link-image\" title=\"Glycine doppia o twin\"><img loading=\"lazy\" decoding=\"async\" width=\"750\" height=\"563\" src=\"https:\/\/le-clos-des-lavandes.com\/wp-content\/uploads\/2025\/10\/chambre-Glycine-new-1-1-1024x768.jpg\" class=\"attachment-large size-large\" alt=\"\" srcset=\"https:\/\/le-clos-des-lavandes.com\/wp-content\/uploads\/2025\/10\/chambre-Glycine-new-1-1-1024x768.jpg 1024w, https:\/\/le-clos-des-lavandes.com\/wp-content\/uploads\/2025\/10\/chambre-Glycine-new-1-1-300x225.jpg 300w, https:\/\/le-clos-des-lavandes.com\/wp-content\/uploads\/2025\/10\/chambre-Glycine-new-1-1-768x576.jpg 768w, https:\/\/le-clos-des-lavandes.com\/wp-content\/uploads\/2025\/10\/chambre-Glycine-new-1-1-scaled.jpg 2048w\" sizes=\"auto, (max-width: 750px) 100vw, 750px\" \/><\/a>      <div class=\"item-content\">\n      <h4><a href=\"https:\/\/le-clos-des-lavandes.com\/it\/camere\/glycine\/\" target=\"_self\" >Glycine doppia o twin<\/a><\/h4>      <p>Camera superiore di charme, dotata di letto king-size 180 x 190 o 2 letti 90 x 190 con terrazza privata.<\/p>    <\/div>\n  <\/div>\n<div class=\"item\">\n  <a href=\"https:\/\/le-clos-des-lavandes.com\/it\/camere\/cigale\/\" target=\"_self\" class=\"link-image\" title=\"Cigale doppia\"><img loading=\"lazy\" decoding=\"async\" width=\"750\" height=\"563\" src=\"https:\/\/le-clos-des-lavandes.com\/wp-content\/uploads\/2025\/09\/chambre-cigale-new-1024x768.jpg\" class=\"attachment-large size-large\" alt=\"\" srcset=\"https:\/\/le-clos-des-lavandes.com\/wp-content\/uploads\/2025\/09\/chambre-cigale-new-1024x768.jpg 1024w, https:\/\/le-clos-des-lavandes.com\/wp-content\/uploads\/2025\/09\/chambre-cigale-new-300x225.jpg 300w, https:\/\/le-clos-des-lavandes.com\/wp-content\/uploads\/2025\/09\/chambre-cigale-new-768x576.jpg 768w, https:\/\/le-clos-des-lavandes.com\/wp-content\/uploads\/2025\/09\/chambre-cigale-new-1536x1152.jpg 1536w, https:\/\/le-clos-des-lavandes.com\/wp-content\/uploads\/2025\/09\/chambre-cigale-new-scaled.jpg 2048w\" sizes=\"auto, (max-width: 750px) 100vw, 750px\" \/><\/a>      <div class=\"item-content\">\n      <h4><a href=\"https:\/\/le-clos-des-lavandes.com\/it\/camere\/cigale\/\" target=\"_self\" >Cigale doppia<\/a><\/h4>      <p>Camera di charme, tipicamente provenzale, ha un letto king size 160 x 200 e una bella terrazza privata.<\/p>    <\/div>\n  <\/div>\n<div class=\"item\">\n  <a href=\"https:\/\/le-clos-des-lavandes.com\/it\/camere\/luberon\/\" target=\"_self\" class=\"link-image\" title=\"Luberon doppia\"><img loading=\"lazy\" decoding=\"async\" width=\"750\" height=\"563\" src=\"https:\/\/le-clos-des-lavandes.com\/wp-content\/uploads\/2025\/09\/chambre-luberon-new-2-1024x768.jpg\" class=\"attachment-large size-large\" alt=\"\" srcset=\"https:\/\/le-clos-des-lavandes.com\/wp-content\/uploads\/2025\/09\/chambre-luberon-new-2-1024x768.jpg 1024w, https:\/\/le-clos-des-lavandes.com\/wp-content\/uploads\/2025\/09\/chambre-luberon-new-2-300x225.jpg 300w, https:\/\/le-clos-des-lavandes.com\/wp-content\/uploads\/2025\/09\/chambre-luberon-new-2-768x576.jpg 768w, https:\/\/le-clos-des-lavandes.com\/wp-content\/uploads\/2025\/09\/chambre-luberon-new-2-1536x1152.jpg 1536w, https:\/\/le-clos-des-lavandes.com\/wp-content\/uploads\/2025\/09\/chambre-luberon-new-2-scaled.jpg 2048w\" sizes=\"auto, (max-width: 750px) 100vw, 750px\" \/><\/a>      <div class=\"item-content\">\n      <h4><a href=\"https:\/\/le-clos-des-lavandes.com\/it\/camere\/luberon\/\" target=\"_self\" >Luberon doppia<\/a><\/h4>      <p>Camera di charme, arredato in stile rom\u00e0ntico con un letto king size 160 x 200 e una terrazza privata.<\/p>    <\/div>\n  <\/div>\n<div class=\"item\">\n  <a href=\"https:\/\/le-clos-des-lavandes.com\/it\/camere\/provence\/\" target=\"_self\" class=\"link-image\" title=\"Provence doppia\"><img loading=\"lazy\" decoding=\"async\" width=\"750\" height=\"563\" src=\"https:\/\/le-clos-des-lavandes.com\/wp-content\/uploads\/2024\/10\/chambre-provence-1024x768.jpg\" class=\"attachment-large size-large\" alt=\"\" srcset=\"https:\/\/le-clos-des-lavandes.com\/wp-content\/uploads\/2024\/10\/chambre-provence-1024x768.jpg 1024w, https:\/\/le-clos-des-lavandes.com\/wp-content\/uploads\/2024\/10\/chambre-provence-300x225.jpg 300w, https:\/\/le-clos-des-lavandes.com\/wp-content\/uploads\/2024\/10\/chambre-provence-768x576.jpg 768w, https:\/\/le-clos-des-lavandes.com\/wp-content\/uploads\/2024\/10\/chambre-provence-1536x1152.jpg 1536w, https:\/\/le-clos-des-lavandes.com\/wp-content\/uploads\/2024\/10\/chambre-provence-scaled.jpg 2048w\" sizes=\"auto, (max-width: 750px) 100vw, 750px\" \/><\/a>      <div class=\"item-content\">\n      <h4><a href=\"https:\/\/le-clos-des-lavandes.com\/it\/camere\/provence\/\" target=\"_self\" >Provence doppia<\/a><\/h4>      <p>Camera di charme, accogliente,dotata di letto king-size 160 x 200 con terrazza privata.<\/p>    <\/div>\n  <\/div>\n<div class=\"item\">\n  <a href=\"https:\/\/le-clos-des-lavandes.com\/it\/camere\/tournesol\/\" target=\"_self\" class=\"link-image\" title=\"Tournesol doppia\"><img loading=\"lazy\" decoding=\"async\" width=\"750\" height=\"563\" src=\"https:\/\/le-clos-des-lavandes.com\/wp-content\/uploads\/2025\/09\/chambre-tournesol-new-1024x768.jpg\" class=\"attachment-large size-large\" alt=\"\" srcset=\"https:\/\/le-clos-des-lavandes.com\/wp-content\/uploads\/2025\/09\/chambre-tournesol-new-1024x768.jpg 1024w, https:\/\/le-clos-des-lavandes.com\/wp-content\/uploads\/2025\/09\/chambre-tournesol-new-300x225.jpg 300w, https:\/\/le-clos-des-lavandes.com\/wp-content\/uploads\/2025\/09\/chambre-tournesol-new-768x576.jpg 768w, https:\/\/le-clos-des-lavandes.com\/wp-content\/uploads\/2025\/09\/chambre-tournesol-new-1536x1152.jpg 1536w, https:\/\/le-clos-des-lavandes.com\/wp-content\/uploads\/2025\/09\/chambre-tournesol-new-scaled.jpg 2048w\" sizes=\"auto, (max-width: 750px) 100vw, 750px\" \/><\/a>      <div class=\"item-content\">\n      <h4><a href=\"https:\/\/le-clos-des-lavandes.com\/it\/camere\/tournesol\/\" target=\"_self\" >Tournesol doppia<\/a><\/h4>      <p>Camera di charme, matrimoniale, con un letto king-size 160 x 200, che si apre su una terrazza privata.<\/p>    <\/div>\n  <\/div>\n<div class=\"item\">\n  <a href=\"https:\/\/le-clos-des-lavandes.com\/it\/camere\/suite-matrimoniale-affitacamere\/\" target=\"_self\" class=\"link-image\" title=\"Suite doppia o twin\"><img loading=\"lazy\" decoding=\"async\" width=\"750\" height=\"563\" src=\"https:\/\/le-clos-des-lavandes.com\/wp-content\/uploads\/2025\/08\/chambre-2-lits-suite-10-1024x768.jpg\" class=\"attachment-large size-large\" alt=\"\" srcset=\"https:\/\/le-clos-des-lavandes.com\/wp-content\/uploads\/2025\/08\/chambre-2-lits-suite-10-1024x768.jpg 1024w, https:\/\/le-clos-des-lavandes.com\/wp-content\/uploads\/2025\/08\/chambre-2-lits-suite-10-300x225.jpg 300w, https:\/\/le-clos-des-lavandes.com\/wp-content\/uploads\/2025\/08\/chambre-2-lits-suite-10-768x576.jpg 768w, https:\/\/le-clos-des-lavandes.com\/wp-content\/uploads\/2025\/08\/chambre-2-lits-suite-10-1536x1152.jpg 1536w, https:\/\/le-clos-des-lavandes.com\/wp-content\/uploads\/2025\/08\/chambre-2-lits-suite-10-scaled.jpg 2048w\" sizes=\"auto, (max-width: 750px) 100vw, 750px\" \/><\/a>      <div class=\"item-content\">\n      <h4><a href=\"https:\/\/le-clos-des-lavandes.com\/it\/camere\/suite-matrimoniale-affitacamere\/\" target=\"_self\" >Suite doppia o twin<\/a><\/h4>      <p>Al piano superiore, 2 camere, 1 letto king-size 180 x 190 o 2 letti 90 x 190 e 1 letto matrimoniale con terrazza tropeziana privata.<\/p>    <\/div>\n  <\/div>\n<\/div>[\/vc_column][\/vc_row]\n<\/div>","protected":false},"excerpt":{"rendered":"<p>[vc_row][vc_column][vc_column_text][\/vc_column_text][\/vc_column][\/vc_row][vc_row grid=&#8221;true&#8221;][vc_column width=&#8221;2\/3&#8243; offset=&#8221;vc_col-sm-offset-2&#8243;][vc_column_text] Bed and breakfast Luberon camere climatizzate con terrazza privata a Lacoste in Provenza \u00a0 [\/vc_column_text][\/vc_column][vc_column width=&#8221;3\/4&#8243; [&hellip;]<\/p>\n","protected":false},"author":1,"featured_media":0,"parent":0,"menu_order":1,"comment_status":"closed","ping_status":"closed","template":"","meta":{"footnotes":""},"class_list":["post-615","page","type-page","status-publish","hentry"],"yoast_head":"<!-- This site is optimized with the Yoast SEO plugin v27.1.1 - https:\/\/yoast.com\/product\/yoast-seo-wordpress\/ -->\n<title>Bed and breakfast Luberon Provenza : Le Clos des Lavandes<\/title>\n<meta name=\"description\" content=\"Soggiorno da sogno in Provenza al Clos des Lavandes, bed and breakfast nel cuore del Luberon. Vicino ai principali luoghi d&#039;interesse\" \/>\n<meta name=\"robots\" content=\"index, follow, max-snippet:-1, max-image-preview:large, max-video-preview:-1\" \/>\n<link rel=\"canonical\" href=\"https:\/\/le-clos-des-lavandes.com\/it\/\" \/>\n<meta property=\"og:locale\" content=\"it_IT\" \/>\n<meta property=\"og:type\" content=\"article\" \/>\n<meta property=\"og:title\" content=\"Bed and breakfast Luberon Provenza : Le Clos des Lavandes\" \/>\n<meta property=\"og:description\" content=\"Soggiorno da sogno in Provenza al Clos des Lavandes, bed and breakfast nel cuore del Luberon. Vicino ai principali luoghi d&#039;interesse\" \/>\n<meta property=\"og:url\" content=\"https:\/\/le-clos-des-lavandes.com\/it\/\" \/>\n<meta property=\"og:site_name\" content=\"Le clos des lavandes - chambres d&#039;h\u00f4tes de charme\" \/>\n<meta property=\"article:publisher\" content=\"https:\/\/www.facebook.com\/leclosdeslavandes84\/\" \/>\n<meta property=\"article:modified_time\" content=\"2026-03-06T15:04:15+00:00\" \/>\n<meta name=\"twitter:card\" content=\"summary_large_image\" \/>\n<meta name=\"twitter:label1\" content=\"Tempo di lettura stimato\" \/>\n\t<meta name=\"twitter:data1\" content=\"3 minuto\" \/>\n<script type=\"application\/ld+json\" class=\"yoast-schema-graph\">{\"@context\":\"https:\/\/schema.org\",\"@graph\":[{\"@type\":\"WebPage\",\"@id\":\"https:\/\/le-clos-des-lavandes.com\/it\/\",\"url\":\"https:\/\/le-clos-des-lavandes.com\/it\/\",\"name\":\"Bed and breakfast Luberon Provenza : Le Clos des Lavandes\",\"isPartOf\":{\"@id\":\"https:\/\/le-clos-des-lavandes.com\/#website\"},\"datePublished\":\"2016-02-18T04:47:41+00:00\",\"dateModified\":\"2026-03-06T15:04:15+00:00\",\"description\":\"Soggiorno da sogno in Provenza al Clos des Lavandes, bed and breakfast nel cuore del Luberon. Vicino ai principali luoghi d'interesse\",\"breadcrumb\":{\"@id\":\"https:\/\/le-clos-des-lavandes.com\/it\/#breadcrumb\"},\"inLanguage\":\"it-IT\",\"potentialAction\":[{\"@type\":\"ReadAction\",\"target\":[\"https:\/\/le-clos-des-lavandes.com\/it\/\"]}]},{\"@type\":\"BreadcrumbList\",\"@id\":\"https:\/\/le-clos-des-lavandes.com\/it\/#breadcrumb\",\"itemListElement\":[{\"@type\":\"ListItem\",\"position\":1,\"name\":\"Accueil\",\"item\":\"https:\/\/le-clos-des-lavandes.com\/it\/\"},{\"@type\":\"ListItem\",\"position\":2,\"name\":\"Home\"}]},{\"@type\":\"WebSite\",\"@id\":\"https:\/\/le-clos-des-lavandes.com\/#website\",\"url\":\"https:\/\/le-clos-des-lavandes.com\/\",\"name\":\"Le clos des lavandes - chambres d&#039;h\u00f4tes de charme\",\"description\":\"[icon icon=map-marker] Chambres d&#039;h\u00f4tes, Lacoste, Provence\",\"publisher\":{\"@id\":\"https:\/\/le-clos-des-lavandes.com\/#organization\"},\"potentialAction\":[{\"@type\":\"SearchAction\",\"target\":{\"@type\":\"EntryPoint\",\"urlTemplate\":\"https:\/\/le-clos-des-lavandes.com\/?s={search_term_string}\"},\"query-input\":{\"@type\":\"PropertyValueSpecification\",\"valueRequired\":true,\"valueName\":\"search_term_string\"}}],\"inLanguage\":\"it-IT\"},{\"@type\":\"Organization\",\"@id\":\"https:\/\/le-clos-des-lavandes.com\/#organization\",\"name\":\"Le Clos des Lavandes\",\"url\":\"https:\/\/le-clos-des-lavandes.com\/\",\"logo\":{\"@type\":\"ImageObject\",\"inLanguage\":\"it-IT\",\"@id\":\"https:\/\/le-clos-des-lavandes.com\/#\/schema\/logo\/image\/\",\"url\":\"https:\/\/le-clos-des-lavandes.com\/wp-content\/uploads\/2016\/04\/Logo-CdL-2.png\",\"contentUrl\":\"https:\/\/le-clos-des-lavandes.com\/wp-content\/uploads\/2016\/04\/Logo-CdL-2.png\",\"width\":350,\"height\":60,\"caption\":\"Le Clos des Lavandes\"},\"image\":{\"@id\":\"https:\/\/le-clos-des-lavandes.com\/#\/schema\/logo\/image\/\"},\"sameAs\":[\"https:\/\/www.facebook.com\/leclosdeslavandes84\/\",\"https:\/\/www.instagram.com\/leclosdeslavandes15\/\",\"https:\/\/www.youtube.com\/user\/marie84820\"]}]}<\/script>\n<!-- \/ Yoast SEO plugin. -->","yoast_head_json":{"title":"Bed and breakfast Luberon Provenza : Le Clos des Lavandes","description":"Soggiorno da sogno in Provenza al Clos des Lavandes, bed and breakfast nel cuore del Luberon. Vicino ai principali luoghi d'interesse","robots":{"index":"index","follow":"follow","max-snippet":"max-snippet:-1","max-image-preview":"max-image-preview:large","max-video-preview":"max-video-preview:-1"},"canonical":"https:\/\/le-clos-des-lavandes.com\/it\/","og_locale":"it_IT","og_type":"article","og_title":"Bed and breakfast Luberon Provenza : Le Clos des Lavandes","og_description":"Soggiorno da sogno in Provenza al Clos des Lavandes, bed and breakfast nel cuore del Luberon. Vicino ai principali luoghi d'interesse","og_url":"https:\/\/le-clos-des-lavandes.com\/it\/","og_site_name":"Le clos des lavandes - chambres d&#039;h\u00f4tes de charme","article_publisher":"https:\/\/www.facebook.com\/leclosdeslavandes84\/","article_modified_time":"2026-03-06T15:04:15+00:00","twitter_card":"summary_large_image","twitter_misc":{"Tempo di lettura stimato":"3 minuto"},"schema":{"@context":"https:\/\/schema.org","@graph":[{"@type":"WebPage","@id":"https:\/\/le-clos-des-lavandes.com\/it\/","url":"https:\/\/le-clos-des-lavandes.com\/it\/","name":"Bed and breakfast Luberon Provenza : Le Clos des Lavandes","isPartOf":{"@id":"https:\/\/le-clos-des-lavandes.com\/#website"},"datePublished":"2016-02-18T04:47:41+00:00","dateModified":"2026-03-06T15:04:15+00:00","description":"Soggiorno da sogno in Provenza al Clos des Lavandes, bed and breakfast nel cuore del Luberon. Vicino ai principali luoghi d'interesse","breadcrumb":{"@id":"https:\/\/le-clos-des-lavandes.com\/it\/#breadcrumb"},"inLanguage":"it-IT","potentialAction":[{"@type":"ReadAction","target":["https:\/\/le-clos-des-lavandes.com\/it\/"]}]},{"@type":"BreadcrumbList","@id":"https:\/\/le-clos-des-lavandes.com\/it\/#breadcrumb","itemListElement":[{"@type":"ListItem","position":1,"name":"Accueil","item":"https:\/\/le-clos-des-lavandes.com\/it\/"},{"@type":"ListItem","position":2,"name":"Home"}]},{"@type":"WebSite","@id":"https:\/\/le-clos-des-lavandes.com\/#website","url":"https:\/\/le-clos-des-lavandes.com\/","name":"Le clos des lavandes - chambres d&#039;h\u00f4tes de charme","description":"[icon icon=map-marker] Chambres d&#039;h\u00f4tes, Lacoste, Provence","publisher":{"@id":"https:\/\/le-clos-des-lavandes.com\/#organization"},"potentialAction":[{"@type":"SearchAction","target":{"@type":"EntryPoint","urlTemplate":"https:\/\/le-clos-des-lavandes.com\/?s={search_term_string}"},"query-input":{"@type":"PropertyValueSpecification","valueRequired":true,"valueName":"search_term_string"}}],"inLanguage":"it-IT"},{"@type":"Organization","@id":"https:\/\/le-clos-des-lavandes.com\/#organization","name":"Le Clos des Lavandes","url":"https:\/\/le-clos-des-lavandes.com\/","logo":{"@type":"ImageObject","inLanguage":"it-IT","@id":"https:\/\/le-clos-des-lavandes.com\/#\/schema\/logo\/image\/","url":"https:\/\/le-clos-des-lavandes.com\/wp-content\/uploads\/2016\/04\/Logo-CdL-2.png","contentUrl":"https:\/\/le-clos-des-lavandes.com\/wp-content\/uploads\/2016\/04\/Logo-CdL-2.png","width":350,"height":60,"caption":"Le Clos des Lavandes"},"image":{"@id":"https:\/\/le-clos-des-lavandes.com\/#\/schema\/logo\/image\/"},"sameAs":["https:\/\/www.facebook.com\/leclosdeslavandes84\/","https:\/\/www.instagram.com\/leclosdeslavandes15\/","https:\/\/www.youtube.com\/user\/marie84820"]}]}},"_links":{"self":[{"href":"https:\/\/le-clos-des-lavandes.com\/it\/wp-json\/wp\/v2\/pages\/615","targetHints":{"allow":["GET"]}}],"collection":[{"href":"https:\/\/le-clos-des-lavandes.com\/it\/wp-json\/wp\/v2\/pages"}],"about":[{"href":"https:\/\/le-clos-des-lavandes.com\/it\/wp-json\/wp\/v2\/types\/page"}],"author":[{"embeddable":true,"href":"https:\/\/le-clos-des-lavandes.com\/it\/wp-json\/wp\/v2\/users\/1"}],"replies":[{"embeddable":true,"href":"https:\/\/le-clos-des-lavandes.com\/it\/wp-json\/wp\/v2\/comments?post=615"}],"version-history":[{"count":0,"href":"https:\/\/le-clos-des-lavandes.com\/it\/wp-json\/wp\/v2\/pages\/615\/revisions"}],"wp:attachment":[{"href":"https:\/\/le-clos-des-lavandes.com\/it\/wp-json\/wp\/v2\/media?parent=615"}],"curies":[{"name":"wp","href":"https:\/\/api.w.org\/{rel}","templated":true}]}}