{"id":736,"date":"2015-11-13T13:46:03","date_gmt":"2015-11-13T12:46:03","guid":{"rendered":"http:\/\/le-clos-des-lavandes.com\/en\/nearby\/vins-et-vignobles\/"},"modified":"2024-04-19T20:23:16","modified_gmt":"2024-04-19T19:23:16","slug":"wine-from-cotes-du-rhone","status":"publish","type":"page","link":"https:\/\/le-clos-des-lavandes.com\/en\/villages-of-lacoste-bonnieux-gordes\/wine-from-cotes-du-rhone\/","title":{"rendered":"Wine and wineyards"},"content":{"rendered":"<div class=\"wpb-content-wrapper\">[vc_row][vc_column width=&#8221;2\/3&#8243;][vc_column_text]\n<h4>Experience the wine-making process and sample the products in our cellars.<\/h4>\n<p>The region boasts three appellations: AOC Luberon, AOC Ventoux and C\u00f4tes du Rh\u00f4ne. They produce wines with a rich variety of aromas and tastes, which can be discovered in the vineyards and cellars, museums or through various festive events and markets. Come and enjoy the wine from C\u00f4tes du Rh\u00f4ne.<br \/>\nDiscover our <strong><a href=\"https:\/\/le-clos-des-lavandes.com\/en\/idea-of-stay\/\">stay ideas here.<\/a><\/strong><\/p>\n<p>The renowned C\u00f4tes du Rh\u00f4ne wine and the Vaucluse vineyards are part of a distinguished list of famous wines, including Ch\u00e2teauneuf du Pape, Gigondas, Vacqueras, Beaume de Venise&#8230;[\/vc_column_text][vc_gallery images=&#8221;471,522,524,468,430,440,433,525&#8243; columns=&#8221;4&#8243;][\/vc_column][vc_column width=&#8221;1\/3&#8243;][vc_single_image image=&#8221;523&#8243; alignment=&#8221;center&#8221;][vc_column_text]\n<h4 style=\"text-align: center;\">\u00a0Our adresses<\/h4>\n<p style=\"text-align: center;\">Cave de Lumi\u00e8res<\/p>\n<p style=\"text-align: center;\">Cave de Bonnieux<\/p>\n<p style=\"text-align: center;\">Ch\u00e2teau de Mille<\/p>\n<p style=\"text-align: center;\">Domaine Aureto<\/p>\n<p style=\"text-align: center;\">Ch\u00e2teau la Canorgue<\/p>\n<p style=\"text-align: center;\">Domaine de La Citadelle<\/p>\n<h4 style=\"text-align: center;\"><\/h4>\n[\/vc_column_text][\/vc_column][\/vc_row]\n<\/div>","protected":false},"excerpt":{"rendered":"<p>[vc_row][vc_column width=&#8221;2\/3&#8243;][vc_column_text] Experience the wine-making process and sample the products in our cellars. The region boasts three appellations: AOC Luberon, [&hellip;]<\/p>\n","protected":false},"author":1,"featured_media":0,"parent":716,"menu_order":4,"comment_status":"closed","ping_status":"closed","template":"","meta":{"footnotes":""},"class_list":["post-736","page","type-page","status-publish","hentry"],"yoast_head":"<!-- This site is optimized with the Yoast SEO plugin v27.1.1 - https:\/\/yoast.com\/product\/yoast-seo-wordpress\/ -->\n<title>Wine from C\u00f4tes du Rh\u00f4ne | Clos des Lavandes<\/title>\n<meta name=\"description\" content=\"Discover wine from C\u00f4tes du Rh\u00f4ne, vinery of Luberon, alls invite you to taste an exceptional soil, bathed in Sunshine. Organic wines.\" \/>\n<meta name=\"robots\" content=\"index, follow, max-snippet:-1, max-image-preview:large, max-video-preview:-1\" \/>\n<link rel=\"canonical\" href=\"https:\/\/le-clos-des-lavandes.com\/en\/villages-of-lacoste-bonnieux-gordes\/wine-from-cotes-du-rhone\/\" \/>\n<meta property=\"og:locale\" content=\"en_US\" \/>\n<meta property=\"og:type\" content=\"article\" \/>\n<meta property=\"og:title\" content=\"Wine from C\u00f4tes du Rh\u00f4ne | Clos des Lavandes\" \/>\n<meta property=\"og:description\" content=\"Discover wine from C\u00f4tes du Rh\u00f4ne, vinery of Luberon, alls invite you to taste an exceptional soil, bathed in Sunshine. Organic wines.\" \/>\n<meta property=\"og:url\" content=\"https:\/\/le-clos-des-lavandes.com\/en\/villages-of-lacoste-bonnieux-gordes\/wine-from-cotes-du-rhone\/\" \/>\n<meta property=\"og:site_name\" content=\"Le clos des lavandes - chambres d&#039;h\u00f4tes de charme\" \/>\n<meta property=\"article:publisher\" content=\"https:\/\/www.facebook.com\/leclosdeslavandes84\/\" \/>\n<meta property=\"article:modified_time\" content=\"2024-04-19T19:23:16+00:00\" \/>\n<meta name=\"twitter:card\" content=\"summary_large_image\" \/>\n<meta name=\"twitter:label1\" content=\"Est. reading time\" \/>\n\t<meta name=\"twitter:data1\" content=\"1 minute\" \/>\n<script type=\"application\/ld+json\" class=\"yoast-schema-graph\">{\"@context\":\"https:\/\/schema.org\",\"@graph\":[{\"@type\":\"WebPage\",\"@id\":\"https:\/\/le-clos-des-lavandes.com\/en\/villages-of-lacoste-bonnieux-gordes\/wine-from-cotes-du-rhone\/\",\"url\":\"https:\/\/le-clos-des-lavandes.com\/en\/villages-of-lacoste-bonnieux-gordes\/wine-from-cotes-du-rhone\/\",\"name\":\"Wine from C\u00f4tes du Rh\u00f4ne | Clos des Lavandes\",\"isPartOf\":{\"@id\":\"https:\/\/le-clos-des-lavandes.com\/#website\"},\"datePublished\":\"2015-11-13T12:46:03+00:00\",\"dateModified\":\"2024-04-19T19:23:16+00:00\",\"description\":\"Discover wine from C\u00f4tes du Rh\u00f4ne, vinery of Luberon, alls invite you to taste an exceptional soil, bathed in Sunshine. Organic wines.\",\"breadcrumb\":{\"@id\":\"https:\/\/le-clos-des-lavandes.com\/en\/villages-of-lacoste-bonnieux-gordes\/wine-from-cotes-du-rhone\/#breadcrumb\"},\"inLanguage\":\"en-US\",\"potentialAction\":[{\"@type\":\"ReadAction\",\"target\":[\"https:\/\/le-clos-des-lavandes.com\/en\/villages-of-lacoste-bonnieux-gordes\/wine-from-cotes-du-rhone\/\"]}]},{\"@type\":\"BreadcrumbList\",\"@id\":\"https:\/\/le-clos-des-lavandes.com\/en\/villages-of-lacoste-bonnieux-gordes\/wine-from-cotes-du-rhone\/#breadcrumb\",\"itemListElement\":[{\"@type\":\"ListItem\",\"position\":1,\"name\":\"Accueil\",\"item\":\"https:\/\/le-clos-des-lavandes.com\/en\/\"},{\"@type\":\"ListItem\",\"position\":2,\"name\":\"Nearby\",\"item\":\"https:\/\/le-clos-des-lavandes.com\/en\/villages-of-lacoste-bonnieux-gordes\/\"},{\"@type\":\"ListItem\",\"position\":3,\"name\":\"Wine and wineyards\"}]},{\"@type\":\"WebSite\",\"@id\":\"https:\/\/le-clos-des-lavandes.com\/#website\",\"url\":\"https:\/\/le-clos-des-lavandes.com\/\",\"name\":\"Le clos des lavandes - chambres d&#039;h\u00f4tes de charme\",\"description\":\"[icon icon=map-marker] Chambres d&#039;h\u00f4tes, Lacoste, Provence\",\"publisher\":{\"@id\":\"https:\/\/le-clos-des-lavandes.com\/#organization\"},\"potentialAction\":[{\"@type\":\"SearchAction\",\"target\":{\"@type\":\"EntryPoint\",\"urlTemplate\":\"https:\/\/le-clos-des-lavandes.com\/?s={search_term_string}\"},\"query-input\":{\"@type\":\"PropertyValueSpecification\",\"valueRequired\":true,\"valueName\":\"search_term_string\"}}],\"inLanguage\":\"en-US\"},{\"@type\":\"Organization\",\"@id\":\"https:\/\/le-clos-des-lavandes.com\/#organization\",\"name\":\"Le Clos des Lavandes\",\"url\":\"https:\/\/le-clos-des-lavandes.com\/\",\"logo\":{\"@type\":\"ImageObject\",\"inLanguage\":\"en-US\",\"@id\":\"https:\/\/le-clos-des-lavandes.com\/#\/schema\/logo\/image\/\",\"url\":\"https:\/\/le-clos-des-lavandes.com\/wp-content\/uploads\/2016\/04\/Logo-CdL-2.png\",\"contentUrl\":\"https:\/\/le-clos-des-lavandes.com\/wp-content\/uploads\/2016\/04\/Logo-CdL-2.png\",\"width\":350,\"height\":60,\"caption\":\"Le Clos des Lavandes\"},\"image\":{\"@id\":\"https:\/\/le-clos-des-lavandes.com\/#\/schema\/logo\/image\/\"},\"sameAs\":[\"https:\/\/www.facebook.com\/leclosdeslavandes84\/\",\"https:\/\/www.instagram.com\/leclosdeslavandes15\/\",\"https:\/\/www.youtube.com\/user\/marie84820\"]}]}<\/script>\n<!-- \/ Yoast SEO plugin. -->","yoast_head_json":{"title":"Wine from C\u00f4tes du Rh\u00f4ne | Clos des Lavandes","description":"Discover wine from C\u00f4tes du Rh\u00f4ne, vinery of Luberon, alls invite you to taste an exceptional soil, bathed in Sunshine. Organic wines.","robots":{"index":"index","follow":"follow","max-snippet":"max-snippet:-1","max-image-preview":"max-image-preview:large","max-video-preview":"max-video-preview:-1"},"canonical":"https:\/\/le-clos-des-lavandes.com\/en\/villages-of-lacoste-bonnieux-gordes\/wine-from-cotes-du-rhone\/","og_locale":"en_US","og_type":"article","og_title":"Wine from C\u00f4tes du Rh\u00f4ne | Clos des Lavandes","og_description":"Discover wine from C\u00f4tes du Rh\u00f4ne, vinery of Luberon, alls invite you to taste an exceptional soil, bathed in Sunshine. Organic wines.","og_url":"https:\/\/le-clos-des-lavandes.com\/en\/villages-of-lacoste-bonnieux-gordes\/wine-from-cotes-du-rhone\/","og_site_name":"Le clos des lavandes - chambres d&#039;h\u00f4tes de charme","article_publisher":"https:\/\/www.facebook.com\/leclosdeslavandes84\/","article_modified_time":"2024-04-19T19:23:16+00:00","twitter_card":"summary_large_image","twitter_misc":{"Est. reading time":"1 minute"},"schema":{"@context":"https:\/\/schema.org","@graph":[{"@type":"WebPage","@id":"https:\/\/le-clos-des-lavandes.com\/en\/villages-of-lacoste-bonnieux-gordes\/wine-from-cotes-du-rhone\/","url":"https:\/\/le-clos-des-lavandes.com\/en\/villages-of-lacoste-bonnieux-gordes\/wine-from-cotes-du-rhone\/","name":"Wine from C\u00f4tes du Rh\u00f4ne | Clos des Lavandes","isPartOf":{"@id":"https:\/\/le-clos-des-lavandes.com\/#website"},"datePublished":"2015-11-13T12:46:03+00:00","dateModified":"2024-04-19T19:23:16+00:00","description":"Discover wine from C\u00f4tes du Rh\u00f4ne, vinery of Luberon, alls invite you to taste an exceptional soil, bathed in Sunshine. Organic wines.","breadcrumb":{"@id":"https:\/\/le-clos-des-lavandes.com\/en\/villages-of-lacoste-bonnieux-gordes\/wine-from-cotes-du-rhone\/#breadcrumb"},"inLanguage":"en-US","potentialAction":[{"@type":"ReadAction","target":["https:\/\/le-clos-des-lavandes.com\/en\/villages-of-lacoste-bonnieux-gordes\/wine-from-cotes-du-rhone\/"]}]},{"@type":"BreadcrumbList","@id":"https:\/\/le-clos-des-lavandes.com\/en\/villages-of-lacoste-bonnieux-gordes\/wine-from-cotes-du-rhone\/#breadcrumb","itemListElement":[{"@type":"ListItem","position":1,"name":"Accueil","item":"https:\/\/le-clos-des-lavandes.com\/en\/"},{"@type":"ListItem","position":2,"name":"Nearby","item":"https:\/\/le-clos-des-lavandes.com\/en\/villages-of-lacoste-bonnieux-gordes\/"},{"@type":"ListItem","position":3,"name":"Wine and wineyards"}]},{"@type":"WebSite","@id":"https:\/\/le-clos-des-lavandes.com\/#website","url":"https:\/\/le-clos-des-lavandes.com\/","name":"Le clos des lavandes - chambres d&#039;h\u00f4tes de charme","description":"[icon icon=map-marker] Chambres d&#039;h\u00f4tes, Lacoste, Provence","publisher":{"@id":"https:\/\/le-clos-des-lavandes.com\/#organization"},"potentialAction":[{"@type":"SearchAction","target":{"@type":"EntryPoint","urlTemplate":"https:\/\/le-clos-des-lavandes.com\/?s={search_term_string}"},"query-input":{"@type":"PropertyValueSpecification","valueRequired":true,"valueName":"search_term_string"}}],"inLanguage":"en-US"},{"@type":"Organization","@id":"https:\/\/le-clos-des-lavandes.com\/#organization","name":"Le Clos des Lavandes","url":"https:\/\/le-clos-des-lavandes.com\/","logo":{"@type":"ImageObject","inLanguage":"en-US","@id":"https:\/\/le-clos-des-lavandes.com\/#\/schema\/logo\/image\/","url":"https:\/\/le-clos-des-lavandes.com\/wp-content\/uploads\/2016\/04\/Logo-CdL-2.png","contentUrl":"https:\/\/le-clos-des-lavandes.com\/wp-content\/uploads\/2016\/04\/Logo-CdL-2.png","width":350,"height":60,"caption":"Le Clos des Lavandes"},"image":{"@id":"https:\/\/le-clos-des-lavandes.com\/#\/schema\/logo\/image\/"},"sameAs":["https:\/\/www.facebook.com\/leclosdeslavandes84\/","https:\/\/www.instagram.com\/leclosdeslavandes15\/","https:\/\/www.youtube.com\/user\/marie84820"]}]}},"_links":{"self":[{"href":"https:\/\/le-clos-des-lavandes.com\/en\/wp-json\/wp\/v2\/pages\/736","targetHints":{"allow":["GET"]}}],"collection":[{"href":"https:\/\/le-clos-des-lavandes.com\/en\/wp-json\/wp\/v2\/pages"}],"about":[{"href":"https:\/\/le-clos-des-lavandes.com\/en\/wp-json\/wp\/v2\/types\/page"}],"author":[{"embeddable":true,"href":"https:\/\/le-clos-des-lavandes.com\/en\/wp-json\/wp\/v2\/users\/1"}],"replies":[{"embeddable":true,"href":"https:\/\/le-clos-des-lavandes.com\/en\/wp-json\/wp\/v2\/comments?post=736"}],"version-history":[{"count":0,"href":"https:\/\/le-clos-des-lavandes.com\/en\/wp-json\/wp\/v2\/pages\/736\/revisions"}],"up":[{"embeddable":true,"href":"https:\/\/le-clos-des-lavandes.com\/en\/wp-json\/wp\/v2\/pages\/716"}],"wp:attachment":[{"href":"https:\/\/le-clos-des-lavandes.com\/en\/wp-json\/wp\/v2\/media?parent=736"}],"curies":[{"name":"wp","href":"https:\/\/api.w.org\/{rel}","templated":true}]}}