{"id":627,"date":"2016-02-18T06:02:52","date_gmt":"2016-02-18T05:02:52","guid":{"rendered":"http:\/\/le-clos-des-lavandes.com\/en\/?page_id=627"},"modified":"2025-12-21T10:15:52","modified_gmt":"2025-12-21T09:15:52","slug":"reviews","status":"publish","type":"page","link":"https:\/\/le-clos-des-lavandes.com\/en\/testimonials\/reviews\/","title":{"rendered":"Reviews"},"content":{"rendered":"<div class=\"wpb-content-wrapper\">[vc_row][vc_column]<div class='testimonials-carousel  owl-with-navigation' data-owl='{&quot;items&quot;:3,&quot;nav&quot;:false,&quot;navText&quot;:[],&quot;loop&quot;:true,&quot;autoplay&quot;:true,&quot;autoplayTimeout&quot;:&quot;4000&quot;,&quot;autoplayHoverPause&quot;:true,&quot;responsive&quot;:{&quot;0&quot;:{&quot;items&quot;:1,&quot;dots&quot;:true,&quot;nav&quot;:false},&quot;767&quot;:{&quot;items&quot;:2,&quot;dots&quot;:true},&quot;992&quot;:{&quot;items&quot;:3,&quot;dots&quot;:true}}}'><div class='testimonial'>\n      <h4 class='testimonial-title'>\n      Joovii - Germany          <\/h4>\n        <p>Die Unterkunft liegt oberhalb dem sehr sch\u00f6nen Bergdorf Lacoste. Die Zimmer und das Bad sind sehr stilvoll eingerichtet, vor dem Zimmer gibt es jeweils eine kleine Veranda mit Blick in den sch\u00f6n gestalteten Garten. Der Garten ist das Highlight der Anlage, hier gibt es neben der \u00fcppigen Bepflanzung ein Wasserbecken und Sitzgelegenheiten. Das hervorragende Fr\u00fchst\u00fcck wurde auf einer mit Wein \u00fcberwachsenen Terrasse serviert, ebenfalls mit Blick in den Garten. Die Gastgeber sind sehr nett und es fehlt einem an nichts.<\/p>\n    <a href='#' class='btn-inline btn' target=\"_self\"><\/a>\n<\/div>\n<div class='testimonial'>\n      <h4 class='testimonial-title'>\n      767 annew - UK          <\/h4>\n        <p>Peaceful and beautiful gardens - oh how gorgeous it must be when the lavender is in bloom! Very comfortable, quiet, well-equipped room, delicious breakfast served on the lovely terrace. Michel and Marie are gracious and welcoming hosts.<\/p>\n    <a href='#' class='btn-inline btn' target=\"_self\"><\/a>\n<\/div>\n<div class='testimonial'>\n      <h4 class='testimonial-title'>\n      JOhnp1960 - US          <\/h4>\n        <p>This bed and breakfast is situated just outside the nice village of Lacoste in the stunning Luberon Valley, sound of running water and real peace and tranquility is equally matched by the friendliness and smile of Marie and Michel . The rooms are separate from the main house and have a nice outside seated area in front of each room, perfect for that glass of wine or picnic to unwind after a days sight seeing. Plenty of secure parking . We stayed in many french B&B's, and this is the only one that offers a room  with fridge, kettle, TV..... There is one main very good restaurant in Lacoste plus a cafe\/bar, and many other restaurants in the neighbouring villages 5 - 10 minutes away. We loved our stay with Marie & Michel and would highly recommend it.<\/p>\n    <a href='#' class='btn-inline btn' target=\"_self\"><\/a>\n<\/div>\n<div class='testimonial'>\n      <h4 class='testimonial-title'>\n      Dorthe - Germany          <\/h4>\n        <p>Freundlicher Gastgeber in wundervollem Ambiente<br \/>\nAvec une note de 1010<br \/>\nDas Zimmer liegt wundersch\u00f6n mit Blick auf den Garten. Die Ausstattung ist sehr gut, von F\u00f6n bis Kaffeemaschine, alles vorhanden.<\/p>\n<p>Der Gastgeber Michel ist sehr freundlich und zuvorkommend. Er gab uns Auskunft \u00fcber Aktivit\u00e4ten in der Umgebung.<\/p>\n<p>Ich w\u00fcrde jederzeit wieder kommen.<\/p>\n    <a href='' class='btn-inline btn' target=\"_self\"><\/a>\n<\/div>\n<div class='testimonial'>\n      <h4 class='testimonial-title'>\n      Joanne74 - United States          <\/h4>\n        <p>Stunning gardens<br \/>\nMarie &amp; Michel are very warm, helpful and responsive hosts offering comfortable &amp; very clean spacious rooms and a beautiful exterior with water gurgling, beautiful flowers, individual terraces, as well as several exterior common spaces to enjoy. Very good breakfasts (homemade jams delectable) were served accompanied with great exchanges and suggestions on places to visit, restaurants and directions to facilitate sightseeing. On site, spacious parking was very welcomed!<\/p>\n    <a href='#' class='btn-inline btn' target=\"_self\"><\/a>\n<\/div>\n<div class='testimonial'>\n      <h4 class='testimonial-title'>\n      Kathy E - London, United of Kindom          <\/h4>\n        <p>A perfect holiday setting<br \/>\nWhat a wonderful place to relax and forget the world outside! The welcome was warm and friendly and our room was charming and comfortable and the inclusion of a small fridge was welcome given the high temperatures outside. A delicious breakfast was served on a covered terrace overlooking the serene and beautiful garden. Delicious meals were available in the nearby village or within a short drive. We had a wonderful time and would happily return.<\/p>\n    <a href='#' class='btn-inline btn' target=\"_self\"><\/a>\n<\/div>\n<\/div>[\/vc_column][\/vc_row]\n<\/div>","protected":false},"excerpt":{"rendered":"<p>[vc_row][vc_column][\/vc_column][\/vc_row]<\/p>\n","protected":false},"author":1,"featured_media":0,"parent":632,"menu_order":0,"comment_status":"closed","ping_status":"closed","template":"","meta":{"footnotes":""},"class_list":["post-627","page","type-page","status-publish","hentry"],"yoast_head":"<!-- This site is optimized with the Yoast SEO plugin v27.1.1 - https:\/\/yoast.com\/product\/yoast-seo-wordpress\/ -->\n<title>Reviews, Bed and Breakfast, Lacoste | Clos des Lavandes<\/title>\n<meta name=\"description\" content=\"Read guest reviews who stay at Clos des Lavandes in Lacoste in Provence. Ranked # 1 of 6 B &amp; Bs in Lacoste. Certificate of excellence.\" \/>\n<meta name=\"robots\" content=\"index, follow, max-snippet:-1, max-image-preview:large, max-video-preview:-1\" \/>\n<link rel=\"canonical\" href=\"https:\/\/le-clos-des-lavandes.com\/en\/testimonials\/reviews\/\" \/>\n<meta property=\"og:locale\" content=\"en_US\" \/>\n<meta property=\"og:type\" content=\"article\" \/>\n<meta property=\"og:title\" content=\"Reviews, Bed and Breakfast, Lacoste | Clos des Lavandes\" \/>\n<meta property=\"og:description\" content=\"Read guest reviews who stay at Clos des Lavandes in Lacoste in Provence. Ranked # 1 of 6 B &amp; Bs in Lacoste. Certificate of excellence.\" \/>\n<meta property=\"og:url\" content=\"https:\/\/le-clos-des-lavandes.com\/en\/testimonials\/reviews\/\" \/>\n<meta property=\"og:site_name\" content=\"Le clos des lavandes - chambres d&#039;h\u00f4tes de charme\" \/>\n<meta property=\"article:publisher\" content=\"https:\/\/www.facebook.com\/leclosdeslavandes84\/\" \/>\n<meta property=\"article:modified_time\" content=\"2025-12-21T09:15:52+00:00\" \/>\n<meta name=\"twitter:card\" content=\"summary_large_image\" \/>\n<meta name=\"twitter:label1\" content=\"Est. reading time\" \/>\n\t<meta name=\"twitter:data1\" content=\"2 minutes\" \/>\n<script type=\"application\/ld+json\" class=\"yoast-schema-graph\">{\"@context\":\"https:\/\/schema.org\",\"@graph\":[{\"@type\":\"WebPage\",\"@id\":\"https:\/\/le-clos-des-lavandes.com\/en\/testimonials\/reviews\/\",\"url\":\"https:\/\/le-clos-des-lavandes.com\/en\/testimonials\/reviews\/\",\"name\":\"Reviews, Bed and Breakfast, Lacoste | Clos des Lavandes\",\"isPartOf\":{\"@id\":\"https:\/\/le-clos-des-lavandes.com\/#website\"},\"datePublished\":\"2016-02-18T05:02:52+00:00\",\"dateModified\":\"2025-12-21T09:15:52+00:00\",\"description\":\"Read guest reviews who stay at Clos des Lavandes in Lacoste in Provence. Ranked # 1 of 6 B & Bs in Lacoste. Certificate of excellence.\",\"breadcrumb\":{\"@id\":\"https:\/\/le-clos-des-lavandes.com\/en\/testimonials\/reviews\/#breadcrumb\"},\"inLanguage\":\"en-US\",\"potentialAction\":[{\"@type\":\"ReadAction\",\"target\":[\"https:\/\/le-clos-des-lavandes.com\/en\/testimonials\/reviews\/\"]}]},{\"@type\":\"BreadcrumbList\",\"@id\":\"https:\/\/le-clos-des-lavandes.com\/en\/testimonials\/reviews\/#breadcrumb\",\"itemListElement\":[{\"@type\":\"ListItem\",\"position\":1,\"name\":\"Accueil\",\"item\":\"https:\/\/le-clos-des-lavandes.com\/en\/\"},{\"@type\":\"ListItem\",\"position\":2,\"name\":\"Testimonials\",\"item\":\"https:\/\/le-clos-des-lavandes.com\/en\/testimonials\/\"},{\"@type\":\"ListItem\",\"position\":3,\"name\":\"Reviews\"}]},{\"@type\":\"WebSite\",\"@id\":\"https:\/\/le-clos-des-lavandes.com\/#website\",\"url\":\"https:\/\/le-clos-des-lavandes.com\/\",\"name\":\"Le clos des lavandes - chambres d&#039;h\u00f4tes de charme\",\"description\":\"[icon icon=map-marker] Chambres d&#039;h\u00f4tes, Lacoste, Provence\",\"publisher\":{\"@id\":\"https:\/\/le-clos-des-lavandes.com\/#organization\"},\"potentialAction\":[{\"@type\":\"SearchAction\",\"target\":{\"@type\":\"EntryPoint\",\"urlTemplate\":\"https:\/\/le-clos-des-lavandes.com\/?s={search_term_string}\"},\"query-input\":{\"@type\":\"PropertyValueSpecification\",\"valueRequired\":true,\"valueName\":\"search_term_string\"}}],\"inLanguage\":\"en-US\"},{\"@type\":\"Organization\",\"@id\":\"https:\/\/le-clos-des-lavandes.com\/#organization\",\"name\":\"Le Clos des Lavandes\",\"url\":\"https:\/\/le-clos-des-lavandes.com\/\",\"logo\":{\"@type\":\"ImageObject\",\"inLanguage\":\"en-US\",\"@id\":\"https:\/\/le-clos-des-lavandes.com\/#\/schema\/logo\/image\/\",\"url\":\"https:\/\/le-clos-des-lavandes.com\/wp-content\/uploads\/2016\/04\/Logo-CdL-2.png\",\"contentUrl\":\"https:\/\/le-clos-des-lavandes.com\/wp-content\/uploads\/2016\/04\/Logo-CdL-2.png\",\"width\":350,\"height\":60,\"caption\":\"Le Clos des Lavandes\"},\"image\":{\"@id\":\"https:\/\/le-clos-des-lavandes.com\/#\/schema\/logo\/image\/\"},\"sameAs\":[\"https:\/\/www.facebook.com\/leclosdeslavandes84\/\",\"https:\/\/www.instagram.com\/leclosdeslavandes15\/\",\"https:\/\/www.youtube.com\/user\/marie84820\"]}]}<\/script>\n<!-- \/ Yoast SEO plugin. -->","yoast_head_json":{"title":"Reviews, Bed and Breakfast, Lacoste | Clos des Lavandes","description":"Read guest reviews who stay at Clos des Lavandes in Lacoste in Provence. Ranked # 1 of 6 B & Bs in Lacoste. Certificate of excellence.","robots":{"index":"index","follow":"follow","max-snippet":"max-snippet:-1","max-image-preview":"max-image-preview:large","max-video-preview":"max-video-preview:-1"},"canonical":"https:\/\/le-clos-des-lavandes.com\/en\/testimonials\/reviews\/","og_locale":"en_US","og_type":"article","og_title":"Reviews, Bed and Breakfast, Lacoste | Clos des Lavandes","og_description":"Read guest reviews who stay at Clos des Lavandes in Lacoste in Provence. Ranked # 1 of 6 B & Bs in Lacoste. Certificate of excellence.","og_url":"https:\/\/le-clos-des-lavandes.com\/en\/testimonials\/reviews\/","og_site_name":"Le clos des lavandes - chambres d&#039;h\u00f4tes de charme","article_publisher":"https:\/\/www.facebook.com\/leclosdeslavandes84\/","article_modified_time":"2025-12-21T09:15:52+00:00","twitter_card":"summary_large_image","twitter_misc":{"Est. reading time":"2 minutes"},"schema":{"@context":"https:\/\/schema.org","@graph":[{"@type":"WebPage","@id":"https:\/\/le-clos-des-lavandes.com\/en\/testimonials\/reviews\/","url":"https:\/\/le-clos-des-lavandes.com\/en\/testimonials\/reviews\/","name":"Reviews, Bed and Breakfast, Lacoste | Clos des Lavandes","isPartOf":{"@id":"https:\/\/le-clos-des-lavandes.com\/#website"},"datePublished":"2016-02-18T05:02:52+00:00","dateModified":"2025-12-21T09:15:52+00:00","description":"Read guest reviews who stay at Clos des Lavandes in Lacoste in Provence. Ranked # 1 of 6 B & Bs in Lacoste. Certificate of excellence.","breadcrumb":{"@id":"https:\/\/le-clos-des-lavandes.com\/en\/testimonials\/reviews\/#breadcrumb"},"inLanguage":"en-US","potentialAction":[{"@type":"ReadAction","target":["https:\/\/le-clos-des-lavandes.com\/en\/testimonials\/reviews\/"]}]},{"@type":"BreadcrumbList","@id":"https:\/\/le-clos-des-lavandes.com\/en\/testimonials\/reviews\/#breadcrumb","itemListElement":[{"@type":"ListItem","position":1,"name":"Accueil","item":"https:\/\/le-clos-des-lavandes.com\/en\/"},{"@type":"ListItem","position":2,"name":"Testimonials","item":"https:\/\/le-clos-des-lavandes.com\/en\/testimonials\/"},{"@type":"ListItem","position":3,"name":"Reviews"}]},{"@type":"WebSite","@id":"https:\/\/le-clos-des-lavandes.com\/#website","url":"https:\/\/le-clos-des-lavandes.com\/","name":"Le clos des lavandes - chambres d&#039;h\u00f4tes de charme","description":"[icon icon=map-marker] Chambres d&#039;h\u00f4tes, Lacoste, Provence","publisher":{"@id":"https:\/\/le-clos-des-lavandes.com\/#organization"},"potentialAction":[{"@type":"SearchAction","target":{"@type":"EntryPoint","urlTemplate":"https:\/\/le-clos-des-lavandes.com\/?s={search_term_string}"},"query-input":{"@type":"PropertyValueSpecification","valueRequired":true,"valueName":"search_term_string"}}],"inLanguage":"en-US"},{"@type":"Organization","@id":"https:\/\/le-clos-des-lavandes.com\/#organization","name":"Le Clos des Lavandes","url":"https:\/\/le-clos-des-lavandes.com\/","logo":{"@type":"ImageObject","inLanguage":"en-US","@id":"https:\/\/le-clos-des-lavandes.com\/#\/schema\/logo\/image\/","url":"https:\/\/le-clos-des-lavandes.com\/wp-content\/uploads\/2016\/04\/Logo-CdL-2.png","contentUrl":"https:\/\/le-clos-des-lavandes.com\/wp-content\/uploads\/2016\/04\/Logo-CdL-2.png","width":350,"height":60,"caption":"Le Clos des Lavandes"},"image":{"@id":"https:\/\/le-clos-des-lavandes.com\/#\/schema\/logo\/image\/"},"sameAs":["https:\/\/www.facebook.com\/leclosdeslavandes84\/","https:\/\/www.instagram.com\/leclosdeslavandes15\/","https:\/\/www.youtube.com\/user\/marie84820"]}]}},"_links":{"self":[{"href":"https:\/\/le-clos-des-lavandes.com\/en\/wp-json\/wp\/v2\/pages\/627","targetHints":{"allow":["GET"]}}],"collection":[{"href":"https:\/\/le-clos-des-lavandes.com\/en\/wp-json\/wp\/v2\/pages"}],"about":[{"href":"https:\/\/le-clos-des-lavandes.com\/en\/wp-json\/wp\/v2\/types\/page"}],"author":[{"embeddable":true,"href":"https:\/\/le-clos-des-lavandes.com\/en\/wp-json\/wp\/v2\/users\/1"}],"replies":[{"embeddable":true,"href":"https:\/\/le-clos-des-lavandes.com\/en\/wp-json\/wp\/v2\/comments?post=627"}],"version-history":[{"count":0,"href":"https:\/\/le-clos-des-lavandes.com\/en\/wp-json\/wp\/v2\/pages\/627\/revisions"}],"up":[{"embeddable":true,"href":"https:\/\/le-clos-des-lavandes.com\/en\/wp-json\/wp\/v2\/pages\/632"}],"wp:attachment":[{"href":"https:\/\/le-clos-des-lavandes.com\/en\/wp-json\/wp\/v2\/media?parent=627"}],"curies":[{"name":"wp","href":"https:\/\/api.w.org\/{rel}","templated":true}]}}